{"id":2120,"date":"2024-08-27T22:51:20","date_gmt":"2024-08-28T01:51:20","guid":{"rendered":"https:\/\/www.publidesk.com.br\/?page_id=2120"},"modified":"2024-10-08T20:25:04","modified_gmt":"2024-10-08T23:25:04","slug":"politica-de-privacidade","status":"publish","type":"page","link":"https:\/\/www.publidesk.com.br\/en\/politica-de-privacidade\/","title":{"rendered":"Privacy Policy"},"content":{"rendered":"<div data-elementor-type=\"wp-page\" data-elementor-id=\"2120\" class=\"elementor elementor-2120\" data-elementor-post-type=\"page\">\n\t\t\t\t<div class=\"elementor-element elementor-element-f2c028e e-flex e-con-boxed e-con e-parent\" data-id=\"f2c028e\" data-element_type=\"container\" data-e-type=\"container\" data-settings=\"{&quot;background_background&quot;:&quot;classic&quot;}\">\n\t\t\t\t\t<div class=\"e-con-inner\">\n\t\t\t\t<div class=\"elementor-element elementor-element-3e5152e elementor-widget elementor-widget-heading\" data-id=\"3e5152e\" data-element_type=\"widget\" data-e-type=\"widget\" data-widget_type=\"heading.default\">\n\t\t\t\t<div class=\"elementor-widget-container\">\n\t\t\t\t\t<h2 class=\"elementor-heading-title elementor-size-default\">Privacy Policy<\/h2>\t\t\t\t<\/div>\n\t\t\t\t<\/div>\n\t\t\t\t\t<\/div>\n\t\t\t\t<\/div>\n\t\t<div class=\"elementor-element elementor-element-12f8049 e-flex e-con-boxed e-con e-parent\" data-id=\"12f8049\" data-element_type=\"container\" data-e-type=\"container\">\n\t\t\t\t\t<div class=\"e-con-inner\">\n\t\t\t\t<div class=\"elementor-element elementor-element-84f8511 elementor-widget elementor-widget-text-editor\" data-id=\"84f8511\" data-element_type=\"widget\" data-e-type=\"widget\" data-widget_type=\"text-editor.default\">\n\t\t\t\t<div class=\"elementor-widget-container\">\n\t\t\t\t\t\t\t\t\t<p>This Privacy Policy aims to demonstrate PUBLIDESK&#039;s commitment to your privacy and the protection of your personal data, ensuring transparency in relation to the processing of your personal data.<\/p>\n<p><strong>Definitions&nbsp;<\/strong><\/p>\n<ul>\n<li>\u201cPersonal Data\u201d: information related to an identified or identifiable natural person;<\/li>\n<li>\u201cSensitive Personal Data\u201d: personal data about racial or ethnic origin, religious belief, political opinion, membership of a trade union or organization of a religious, philosophical or political nature, data relating to health or sexual life, genetic or biometric data, when linked to a natural person;<\/li>\n<li>\u201cData Subject\u201d: natural person to whom the personal data that are subject to processing refer;<\/li>\n<li>\u201cProcessing\u201d: any operation carried out with personal data, such as those relating to collection, production, reception, classification, use, access, reproduction, transmission, distribution, processing, archiving, storage, elimination, evaluation or control of information, modification, communication, transfer, dissemination or extraction;<\/li>\n<li>\u201cController\u201d: a natural or legal person, under public or private law, responsible for decisions regarding the processing of personal data;<\/li>\n<\/ul>\n<p>PUBLIDESK is the controller of the personal data it collects on its website. This means that the company is responsible for making decisions about how personal data will be processed, in accordance with the terms set out below.<\/p>\n<p><strong>Type of personal data collected<\/strong><\/p>\n<p>We collect and process the following personal data:<\/p>\n<p>Personal registration data: full name; email; telephone; address; CPF; date of birth; gender; profession; position; company; activity; segment.<br>\nPersonal data collected automatically: aggregated statistical information.<\/p>\n<p><strong>How we collect personal data<\/strong><\/p>\n<p>Your personal data may be collected by PUBLIDESK through the following means:<\/p>\n<p>Personal data provided by the user: through voluntary registration on our website; through downloading e-books or similar; through registration for webinars or events.<br>\nData collected automatically: through analytical cookies. For more details, we recommend reading our Cookie Policy.<\/p>\n<p><strong>Purposes<\/strong><\/p>\n<p>The personal data collected will be used for the following purposes:<\/p>\n<p>Personal registration data: for sending newsletters, mailings and personalized mailings for prospecting and offering products and content produced by PUBLIDESK, and in events with the participation of partners, personal data may be shared with them;<br>\nData collected automatically: to improve the presentation and navigation on our website.<\/p>\n<p><strong>Sharing of Personal Data<\/strong><\/p>\n<p>We only share personal data in situations where it is strictly necessary to fulfill the purposes listed above. Therefore, we may share information with third parties to make it possible to provide our services.<br>\nFurthermore, personal data may be shared with judicial and administrative authorities whenever there is a legal or regulatory determination to that effect.<br>\nPlease note that when accessing the website, you may be redirected, via link, to other portals that may collect your personal data. In this case, it is your responsibility to read and accept the respective Privacy Policies. We are not responsible for the Policies of third parties, nor for the content of any websites or services linked to environments other than those of PUBLIDESK.<\/p>\n<p><strong>How we store your personal data<\/strong><\/p>\n<p>Your personal data will be stored securely on our systems and servers for the period necessary to carry out our activities. When the processing purposes are achieved, we will delete your personal data in accordance with our internal policies and in compliance with legal and\/or regulatory obligations.<\/p>\n<p><strong>Personal data retention period and disposal<\/strong><\/p>\n<p>We retain your personal data for as long as it is necessary to process our services, as well as to meet legal or regulatory requirements. After the processing has ended, your personal data will be disposed of securely.<\/p>\n<p><strong>Security Measures<\/strong><\/p>\n<p>During the entire processing of your personal data, technical and administrative measures are used to keep them safe and prevent any unauthorized access, accidental or unlawful situations of destruction, loss, alteration, communication or any form of inadequate or unlawful processing.<\/p>\n<p><strong>Changes to the Privacy Policy<\/strong><\/p>\n<p>PUBLIDESK is committed to keeping this Policy updated in accordance with new regulations and activities incorporated into the provision of services. Therefore, it may update this Policy from time to time. To access the new version, simply visit our page periodically in order to stay informed about any updates.<\/p>\n<p>&nbsp;<\/p>\t\t\t\t\t\t\t\t<\/div>\n\t\t\t\t<\/div>\n\t\t\t\t\t<\/div>\n\t\t\t\t<\/div>\n\t\t\t\t<\/div>","protected":false},"excerpt":{"rendered":"<p>Pol\u00edtica de Privacidade A presente Pol\u00edtica de Privacidade possui a finalidade de demonstrar o compromisso da PUBLIDESK com a sua privacidade e a prote\u00e7\u00e3o de seus dados pessoais, garantindo transpar\u00eancia em rela\u00e7\u00e3o ao tratamento de seus dados pessoais. Defini\u00e7\u00f5es&nbsp; \u201cDado Pessoal\u201d: informa\u00e7\u00e3o relacionada a pessoa natural identificada ou identific\u00e1vel; \u201cDado Pessoal Sens\u00edvel\u201d: dado pessoal sobre [&hellip;]<\/p>\n","protected":false},"author":2,"featured_media":0,"parent":0,"menu_order":0,"comment_status":"closed","ping_status":"closed","template":"elementor_header_footer","meta":{"footnotes":""},"class_list":["post-2120","page","type-page","status-publish","hentry"],"yoast_head":"<!-- This site is optimized with the Yoast SEO plugin v27.4 - https:\/\/yoast.com\/product\/yoast-seo-wordpress\/ -->\n<title>Pol\u00edtica de Privacidade | PubliDesk<\/title>\n<meta name=\"description\" content=\"Organize todos os contatos com seus clientes em um s\u00f3 lugar e potencialize suas conex\u00f5es de forma inteligente.\" \/>\n<meta name=\"robots\" content=\"index, follow, max-snippet:-1, max-image-preview:large, max-video-preview:-1\" \/>\n<link rel=\"canonical\" href=\"https:\/\/www.publidesk.com.br\/en\/politica-de-privacidade\/\" \/>\n<meta property=\"og:locale\" content=\"en_US\" \/>\n<meta property=\"og:type\" content=\"article\" \/>\n<meta property=\"og:title\" content=\"Pol\u00edtica de Privacidade | PubliDesk\" \/>\n<meta property=\"og:description\" content=\"Organize todos os contatos com seus clientes em um s\u00f3 lugar e potencialize suas conex\u00f5es de forma inteligente.\" \/>\n<meta property=\"og:url\" content=\"https:\/\/www.publidesk.com.br\/en\/politica-de-privacidade\/\" \/>\n<meta property=\"og:site_name\" content=\"PubliDesk\" \/>\n<meta property=\"article:publisher\" content=\"https:\/\/www.facebook.com\/publidesk.brfacebook.com\/publidesk.br\" \/>\n<meta property=\"article:modified_time\" content=\"2024-10-08T23:25:04+00:00\" \/>\n<meta property=\"og:image\" content=\"https:\/\/www.publidesk.com.br\/wp-content\/uploads\/2024\/11\/Design-sem-nome-72-1.png\" \/>\n\t<meta property=\"og:image:width\" content=\"1200\" \/>\n\t<meta property=\"og:image:height\" content=\"675\" \/>\n\t<meta property=\"og:image:type\" content=\"image\/png\" \/>\n<meta name=\"twitter:card\" content=\"summary_large_image\" \/>\n<meta name=\"twitter:label1\" content=\"Est. reading time\" \/>\n\t<meta name=\"twitter:data1\" content=\"4 minutes\" \/>\n<script type=\"application\/ld+json\" class=\"yoast-schema-graph\">{\"@context\":\"https:\\\/\\\/schema.org\",\"@graph\":[{\"@type\":\"WebPage\",\"@id\":\"https:\\\/\\\/www.publidesk.com.br\\\/politica-de-privacidade\\\/\",\"url\":\"https:\\\/\\\/www.publidesk.com.br\\\/politica-de-privacidade\\\/\",\"name\":\"Pol\u00edtica de Privacidade | PubliDesk\",\"isPartOf\":{\"@id\":\"https:\\\/\\\/www.publidesk.com.br\\\/#website\"},\"datePublished\":\"2024-08-28T01:51:20+00:00\",\"dateModified\":\"2024-10-08T23:25:04+00:00\",\"description\":\"Organize todos os contatos com seus clientes em um s\u00f3 lugar e potencialize suas conex\u00f5es de forma inteligente.\",\"breadcrumb\":{\"@id\":\"https:\\\/\\\/www.publidesk.com.br\\\/politica-de-privacidade\\\/#breadcrumb\"},\"inLanguage\":\"en-US\",\"potentialAction\":[{\"@type\":\"ReadAction\",\"target\":[\"https:\\\/\\\/www.publidesk.com.br\\\/politica-de-privacidade\\\/\"]}]},{\"@type\":\"BreadcrumbList\",\"@id\":\"https:\\\/\\\/www.publidesk.com.br\\\/politica-de-privacidade\\\/#breadcrumb\",\"itemListElement\":[{\"@type\":\"ListItem\",\"position\":1,\"name\":\"In\u00edcio\",\"item\":\"https:\\\/\\\/www.publidesk.com.br\\\/\"},{\"@type\":\"ListItem\",\"position\":2,\"name\":\"Pol\u00edtica de Privacidade\"}]},{\"@type\":\"WebSite\",\"@id\":\"https:\\\/\\\/www.publidesk.com.br\\\/#website\",\"url\":\"https:\\\/\\\/www.publidesk.com.br\\\/\",\"name\":\"PubliDesk\",\"description\":\"Sistema de Atendimento\",\"publisher\":{\"@id\":\"https:\\\/\\\/www.publidesk.com.br\\\/#organization\"},\"potentialAction\":[{\"@type\":\"SearchAction\",\"target\":{\"@type\":\"EntryPoint\",\"urlTemplate\":\"https:\\\/\\\/www.publidesk.com.br\\\/?s={search_term_string}\"},\"query-input\":{\"@type\":\"PropertyValueSpecification\",\"valueRequired\":true,\"valueName\":\"search_term_string\"}}],\"inLanguage\":\"en-US\"},{\"@type\":\"Organization\",\"@id\":\"https:\\\/\\\/www.publidesk.com.br\\\/#organization\",\"name\":\"PubliDesk\",\"url\":\"https:\\\/\\\/www.publidesk.com.br\\\/\",\"logo\":{\"@type\":\"ImageObject\",\"inLanguage\":\"en-US\",\"@id\":\"https:\\\/\\\/www.publidesk.com.br\\\/#\\\/schema\\\/logo\\\/image\\\/\",\"url\":\"https:\\\/\\\/www.publidesk.com.br\\\/wp-content\\\/uploads\\\/2024\\\/01\\\/cropped-favicon-publidesk-1.webp\",\"contentUrl\":\"https:\\\/\\\/www.publidesk.com.br\\\/wp-content\\\/uploads\\\/2024\\\/01\\\/cropped-favicon-publidesk-1.webp\",\"width\":512,\"height\":512,\"caption\":\"PubliDesk\"},\"image\":{\"@id\":\"https:\\\/\\\/www.publidesk.com.br\\\/#\\\/schema\\\/logo\\\/image\\\/\"},\"sameAs\":[\"https:\\\/\\\/www.facebook.com\\\/publidesk.brfacebook.com\\\/publidesk.br\",\"https:\\\/\\\/www.instagram.com\\\/publi.desk\",\"https:\\\/\\\/www.linkedin.com\\\/company\\\/publi-desk\"]}]}<\/script>\n<!-- \/ Yoast SEO plugin. -->","yoast_head_json":{"title":"Pol\u00edtica de Privacidade | PubliDesk","description":"Organize all your customer contacts in one place and enhance your connections intelligently.","robots":{"index":"index","follow":"follow","max-snippet":"max-snippet:-1","max-image-preview":"max-image-preview:large","max-video-preview":"max-video-preview:-1"},"canonical":"https:\/\/www.publidesk.com.br\/en\/politica-de-privacidade\/","og_locale":"en_US","og_type":"article","og_title":"Pol\u00edtica de Privacidade | PubliDesk","og_description":"Organize todos os contatos com seus clientes em um s\u00f3 lugar e potencialize suas conex\u00f5es de forma inteligente.","og_url":"https:\/\/www.publidesk.com.br\/en\/politica-de-privacidade\/","og_site_name":"PubliDesk","article_publisher":"https:\/\/www.facebook.com\/publidesk.brfacebook.com\/publidesk.br","article_modified_time":"2024-10-08T23:25:04+00:00","og_image":[{"width":1200,"height":675,"url":"https:\/\/www.publidesk.com.br\/wp-content\/uploads\/2024\/11\/Design-sem-nome-72-1.png","type":"image\/png"}],"twitter_card":"summary_large_image","twitter_misc":{"Est. reading time":"4 minutes"},"schema":{"@context":"https:\/\/schema.org","@graph":[{"@type":"WebPage","@id":"https:\/\/www.publidesk.com.br\/politica-de-privacidade\/","url":"https:\/\/www.publidesk.com.br\/politica-de-privacidade\/","name":"Pol\u00edtica de Privacidade | PubliDesk","isPartOf":{"@id":"https:\/\/www.publidesk.com.br\/#website"},"datePublished":"2024-08-28T01:51:20+00:00","dateModified":"2024-10-08T23:25:04+00:00","description":"Organize all your customer contacts in one place and enhance your connections intelligently.","breadcrumb":{"@id":"https:\/\/www.publidesk.com.br\/politica-de-privacidade\/#breadcrumb"},"inLanguage":"en-US","potentialAction":[{"@type":"ReadAction","target":["https:\/\/www.publidesk.com.br\/politica-de-privacidade\/"]}]},{"@type":"BreadcrumbList","@id":"https:\/\/www.publidesk.com.br\/politica-de-privacidade\/#breadcrumb","itemListElement":[{"@type":"ListItem","position":1,"name":"In\u00edcio","item":"https:\/\/www.publidesk.com.br\/"},{"@type":"ListItem","position":2,"name":"Pol\u00edtica de Privacidade"}]},{"@type":"WebSite","@id":"https:\/\/www.publidesk.com.br\/#website","url":"https:\/\/www.publidesk.com.br\/","name":"PubliDesk","description":"Sistema de Atendimento","publisher":{"@id":"https:\/\/www.publidesk.com.br\/#organization"},"potentialAction":[{"@type":"SearchAction","target":{"@type":"EntryPoint","urlTemplate":"https:\/\/www.publidesk.com.br\/?s={search_term_string}"},"query-input":{"@type":"PropertyValueSpecification","valueRequired":true,"valueName":"search_term_string"}}],"inLanguage":"en-US"},{"@type":"Organization","@id":"https:\/\/www.publidesk.com.br\/#organization","name":"PubliDesk","url":"https:\/\/www.publidesk.com.br\/","logo":{"@type":"ImageObject","inLanguage":"en-US","@id":"https:\/\/www.publidesk.com.br\/#\/schema\/logo\/image\/","url":"https:\/\/www.publidesk.com.br\/wp-content\/uploads\/2024\/01\/cropped-favicon-publidesk-1.webp","contentUrl":"https:\/\/www.publidesk.com.br\/wp-content\/uploads\/2024\/01\/cropped-favicon-publidesk-1.webp","width":512,"height":512,"caption":"PubliDesk"},"image":{"@id":"https:\/\/www.publidesk.com.br\/#\/schema\/logo\/image\/"},"sameAs":["https:\/\/www.facebook.com\/publidesk.brfacebook.com\/publidesk.br","https:\/\/www.instagram.com\/publi.desk","https:\/\/www.linkedin.com\/company\/publi-desk"]}]}},"_links":{"self":[{"href":"https:\/\/www.publidesk.com.br\/en\/wp-json\/wp\/v2\/pages\/2120","targetHints":{"allow":["GET"]}}],"collection":[{"href":"https:\/\/www.publidesk.com.br\/en\/wp-json\/wp\/v2\/pages"}],"about":[{"href":"https:\/\/www.publidesk.com.br\/en\/wp-json\/wp\/v2\/types\/page"}],"author":[{"embeddable":true,"href":"https:\/\/www.publidesk.com.br\/en\/wp-json\/wp\/v2\/users\/2"}],"replies":[{"embeddable":true,"href":"https:\/\/www.publidesk.com.br\/en\/wp-json\/wp\/v2\/comments?post=2120"}],"version-history":[{"count":0,"href":"https:\/\/www.publidesk.com.br\/en\/wp-json\/wp\/v2\/pages\/2120\/revisions"}],"wp:attachment":[{"href":"https:\/\/www.publidesk.com.br\/en\/wp-json\/wp\/v2\/media?parent=2120"}],"curies":[{"name":"wp","href":"https:\/\/api.w.org\/{rel}","templated":true}]}}