{"id":2133,"date":"2024-08-27T22:57:18","date_gmt":"2024-08-28T01:57:18","guid":{"rendered":"https:\/\/www.publidesk.com.br\/?page_id=2133"},"modified":"2024-10-08T20:24:58","modified_gmt":"2024-10-08T23:24:58","slug":"politica-de-cookies","status":"publish","type":"page","link":"https:\/\/www.publidesk.com.br\/en\/politica-de-cookies\/","title":{"rendered":"Cookies Policy"},"content":{"rendered":"<div data-elementor-type=\"wp-page\" data-elementor-id=\"2133\" class=\"elementor elementor-2133\" data-elementor-post-type=\"page\">\n\t\t\t\t<div class=\"elementor-element elementor-element-f2c028e e-flex e-con-boxed e-con e-parent\" data-id=\"f2c028e\" data-element_type=\"container\" data-e-type=\"container\" data-settings=\"{&quot;background_background&quot;:&quot;classic&quot;}\">\n\t\t\t\t\t<div class=\"e-con-inner\">\n\t\t\t\t<div class=\"elementor-element elementor-element-3e5152e elementor-widget elementor-widget-heading\" data-id=\"3e5152e\" data-element_type=\"widget\" data-e-type=\"widget\" data-widget_type=\"heading.default\">\n\t\t\t\t<div class=\"elementor-widget-container\">\n\t\t\t\t\t<h2 class=\"elementor-heading-title elementor-size-default\">Privacy Policy<\/h2>\t\t\t\t<\/div>\n\t\t\t\t<\/div>\n\t\t\t\t\t<\/div>\n\t\t\t\t<\/div>\n\t\t<div class=\"elementor-element elementor-element-12f8049 e-flex e-con-boxed e-con e-parent\" data-id=\"12f8049\" data-element_type=\"container\" data-e-type=\"container\">\n\t\t\t\t\t<div class=\"e-con-inner\">\n\t\t\t\t<div class=\"elementor-element elementor-element-84f8511 elementor-widget elementor-widget-text-editor\" data-id=\"84f8511\" data-element_type=\"widget\" data-e-type=\"widget\" data-widget_type=\"text-editor.default\">\n\t\t\t\t<div class=\"elementor-widget-container\">\n\t\t\t\t\t\t\t\t\t<p><strong>Definition&nbsp;<\/strong><\/p>\n<p>Cookies are small text files that are stored on a user&#039;s device by a web browser. They are widely used to make websites work more efficiently, or to provide information to the website owners.<\/p>\n<p><strong>Purposes<\/strong><\/p>\n<p>PUBLIDESK uses cookies to collect and store information regarding the user&#039;s personal preferences when visiting the website. This information consists of data related to the user&#039;s browsing preferences and the pages visited by sending one or more cookies or anonymous identifiers, which perform the collection automatically.<br>\nWe inform you that this information is used to improve and personalize the browsing experience on the website in order to align the presentation of our website with the user&#039;s personal interests. When carrying out this type of processing of the collected data, PUBLIDESK guarantees to observe the applicable data protection principles, so that the use of the information collected for a purpose other than that stated in this Policy will not be permitted.<\/p>\n<p><strong>Types of Cookies used<\/strong><\/p>\n<ul>\n<li><strong>Strictly Necessary Cookies: <\/strong>These cookies enable navigation and use of applications, as well as access to secure areas of the website. Without strictly necessary cookies, the website will not function properly.<\/li>\n<li><strong>Functionality Cookies: <\/strong>These cookies are used to ensure the availability of additional website features or to save preferences set by the user when browsing the internet, whenever using the same device.<\/li>\n<\/ul>\n<p><strong><br>\nHow to manage Cookies<\/strong><\/p>\n<p>Internet browsers are generally configured to automatically accept cookies, but you can change your settings to block them. Please note that you may need to refresh the website page for the new settings to take effect.<br>\nWe emphasize that any changes may affect the interaction with our website, including the possibility of generating errors in some of its features.<\/p>\n<p><strong><br>\nUpdate of this Policy<\/strong><\/p>\n<p>This Policy may be changed at any time, as PUBLIDESK adopts new technologies, as well as to remain up to date with the purposes for which we use cookies and the best data protection practices. Therefore, we recommend that the user access our website from time to time to stay up to date on how we use cookies.<\/p>\t\t\t\t\t\t\t\t<\/div>\n\t\t\t\t<\/div>\n\t\t\t\t\t<\/div>\n\t\t\t\t<\/div>\n\t\t\t\t<\/div>","protected":false},"excerpt":{"rendered":"<p>Pol\u00edtica de Privacidade Defini\u00e7\u00e3o&nbsp; Cookies s\u00e3o pequenos arquivos em texto que s\u00e3o armazenados no dispositivo do usu\u00e1rio pelo navegador de internet. Eles s\u00e3o amplamente utilizados para que os sites funcionem de forma geral ou com mais efici\u00eancia, bem como para fornecer informa\u00e7\u00f5es aos propriet\u00e1rios do site. Finalidades A PUBLIDESK faz a utiliza\u00e7\u00e3o de cookies para [&hellip;]<\/p>\n","protected":false},"author":2,"featured_media":0,"parent":0,"menu_order":0,"comment_status":"closed","ping_status":"closed","template":"elementor_header_footer","meta":{"footnotes":""},"class_list":["post-2133","page","type-page","status-publish","hentry"],"yoast_head":"<!-- This site is optimized with the Yoast SEO plugin v27.4 - https:\/\/yoast.com\/product\/yoast-seo-wordpress\/ -->\n<title>Pol\u00edtica de Cookies | PubliDesk<\/title>\n<meta name=\"description\" content=\"Organize todos os contatos com seus clientes em um s\u00f3 lugar e potencialize suas conex\u00f5es de forma inteligente.\" \/>\n<meta name=\"robots\" content=\"index, follow, max-snippet:-1, max-image-preview:large, max-video-preview:-1\" \/>\n<link rel=\"canonical\" href=\"https:\/\/www.publidesk.com.br\/en\/politica-de-cookies\/\" \/>\n<meta property=\"og:locale\" content=\"en_US\" \/>\n<meta property=\"og:type\" content=\"article\" \/>\n<meta property=\"og:title\" content=\"Pol\u00edtica de Cookies | PubliDesk\" \/>\n<meta property=\"og:description\" content=\"Organize todos os contatos com seus clientes em um s\u00f3 lugar e potencialize suas conex\u00f5es de forma inteligente.\" \/>\n<meta property=\"og:url\" content=\"https:\/\/www.publidesk.com.br\/en\/politica-de-cookies\/\" \/>\n<meta property=\"og:site_name\" content=\"PubliDesk\" \/>\n<meta property=\"article:publisher\" content=\"https:\/\/www.facebook.com\/publidesk.brfacebook.com\/publidesk.br\" \/>\n<meta property=\"article:modified_time\" content=\"2024-10-08T23:24:58+00:00\" \/>\n<meta property=\"og:image\" content=\"https:\/\/www.publidesk.com.br\/wp-content\/uploads\/2024\/11\/Design-sem-nome-72-1.png\" \/>\n\t<meta property=\"og:image:width\" content=\"1200\" \/>\n\t<meta property=\"og:image:height\" content=\"675\" \/>\n\t<meta property=\"og:image:type\" content=\"image\/png\" \/>\n<meta name=\"twitter:card\" content=\"summary_large_image\" \/>\n<meta name=\"twitter:label1\" content=\"Est. reading time\" \/>\n\t<meta name=\"twitter:data1\" content=\"3 minutes\" \/>\n<script type=\"application\/ld+json\" class=\"yoast-schema-graph\">{\"@context\":\"https:\\\/\\\/schema.org\",\"@graph\":[{\"@type\":\"WebPage\",\"@id\":\"https:\\\/\\\/www.publidesk.com.br\\\/politica-de-cookies\\\/\",\"url\":\"https:\\\/\\\/www.publidesk.com.br\\\/politica-de-cookies\\\/\",\"name\":\"Pol\u00edtica de Cookies | PubliDesk\",\"isPartOf\":{\"@id\":\"https:\\\/\\\/www.publidesk.com.br\\\/#website\"},\"datePublished\":\"2024-08-28T01:57:18+00:00\",\"dateModified\":\"2024-10-08T23:24:58+00:00\",\"description\":\"Organize todos os contatos com seus clientes em um s\u00f3 lugar e potencialize suas conex\u00f5es de forma inteligente.\",\"breadcrumb\":{\"@id\":\"https:\\\/\\\/www.publidesk.com.br\\\/politica-de-cookies\\\/#breadcrumb\"},\"inLanguage\":\"en-US\",\"potentialAction\":[{\"@type\":\"ReadAction\",\"target\":[\"https:\\\/\\\/www.publidesk.com.br\\\/politica-de-cookies\\\/\"]}]},{\"@type\":\"BreadcrumbList\",\"@id\":\"https:\\\/\\\/www.publidesk.com.br\\\/politica-de-cookies\\\/#breadcrumb\",\"itemListElement\":[{\"@type\":\"ListItem\",\"position\":1,\"name\":\"In\u00edcio\",\"item\":\"https:\\\/\\\/www.publidesk.com.br\\\/\"},{\"@type\":\"ListItem\",\"position\":2,\"name\":\"Pol\u00edtica de Cookies\"}]},{\"@type\":\"WebSite\",\"@id\":\"https:\\\/\\\/www.publidesk.com.br\\\/#website\",\"url\":\"https:\\\/\\\/www.publidesk.com.br\\\/\",\"name\":\"PubliDesk\",\"description\":\"Sistema de Atendimento\",\"publisher\":{\"@id\":\"https:\\\/\\\/www.publidesk.com.br\\\/#organization\"},\"potentialAction\":[{\"@type\":\"SearchAction\",\"target\":{\"@type\":\"EntryPoint\",\"urlTemplate\":\"https:\\\/\\\/www.publidesk.com.br\\\/?s={search_term_string}\"},\"query-input\":{\"@type\":\"PropertyValueSpecification\",\"valueRequired\":true,\"valueName\":\"search_term_string\"}}],\"inLanguage\":\"en-US\"},{\"@type\":\"Organization\",\"@id\":\"https:\\\/\\\/www.publidesk.com.br\\\/#organization\",\"name\":\"PubliDesk\",\"url\":\"https:\\\/\\\/www.publidesk.com.br\\\/\",\"logo\":{\"@type\":\"ImageObject\",\"inLanguage\":\"en-US\",\"@id\":\"https:\\\/\\\/www.publidesk.com.br\\\/#\\\/schema\\\/logo\\\/image\\\/\",\"url\":\"https:\\\/\\\/www.publidesk.com.br\\\/wp-content\\\/uploads\\\/2024\\\/01\\\/cropped-favicon-publidesk-1.webp\",\"contentUrl\":\"https:\\\/\\\/www.publidesk.com.br\\\/wp-content\\\/uploads\\\/2024\\\/01\\\/cropped-favicon-publidesk-1.webp\",\"width\":512,\"height\":512,\"caption\":\"PubliDesk\"},\"image\":{\"@id\":\"https:\\\/\\\/www.publidesk.com.br\\\/#\\\/schema\\\/logo\\\/image\\\/\"},\"sameAs\":[\"https:\\\/\\\/www.facebook.com\\\/publidesk.brfacebook.com\\\/publidesk.br\",\"https:\\\/\\\/www.instagram.com\\\/publi.desk\",\"https:\\\/\\\/www.linkedin.com\\\/company\\\/publi-desk\"]}]}<\/script>\n<!-- \/ Yoast SEO plugin. -->","yoast_head_json":{"title":"Pol\u00edtica de Cookies | PubliDesk","description":"Organize all your customer contacts in one place and enhance your connections intelligently.","robots":{"index":"index","follow":"follow","max-snippet":"max-snippet:-1","max-image-preview":"max-image-preview:large","max-video-preview":"max-video-preview:-1"},"canonical":"https:\/\/www.publidesk.com.br\/en\/politica-de-cookies\/","og_locale":"en_US","og_type":"article","og_title":"Pol\u00edtica de Cookies | PubliDesk","og_description":"Organize todos os contatos com seus clientes em um s\u00f3 lugar e potencialize suas conex\u00f5es de forma inteligente.","og_url":"https:\/\/www.publidesk.com.br\/en\/politica-de-cookies\/","og_site_name":"PubliDesk","article_publisher":"https:\/\/www.facebook.com\/publidesk.brfacebook.com\/publidesk.br","article_modified_time":"2024-10-08T23:24:58+00:00","og_image":[{"width":1200,"height":675,"url":"https:\/\/www.publidesk.com.br\/wp-content\/uploads\/2024\/11\/Design-sem-nome-72-1.png","type":"image\/png"}],"twitter_card":"summary_large_image","twitter_misc":{"Est. reading time":"3 minutes"},"schema":{"@context":"https:\/\/schema.org","@graph":[{"@type":"WebPage","@id":"https:\/\/www.publidesk.com.br\/politica-de-cookies\/","url":"https:\/\/www.publidesk.com.br\/politica-de-cookies\/","name":"Pol\u00edtica de Cookies | PubliDesk","isPartOf":{"@id":"https:\/\/www.publidesk.com.br\/#website"},"datePublished":"2024-08-28T01:57:18+00:00","dateModified":"2024-10-08T23:24:58+00:00","description":"Organize all your customer contacts in one place and enhance your connections intelligently.","breadcrumb":{"@id":"https:\/\/www.publidesk.com.br\/politica-de-cookies\/#breadcrumb"},"inLanguage":"en-US","potentialAction":[{"@type":"ReadAction","target":["https:\/\/www.publidesk.com.br\/politica-de-cookies\/"]}]},{"@type":"BreadcrumbList","@id":"https:\/\/www.publidesk.com.br\/politica-de-cookies\/#breadcrumb","itemListElement":[{"@type":"ListItem","position":1,"name":"In\u00edcio","item":"https:\/\/www.publidesk.com.br\/"},{"@type":"ListItem","position":2,"name":"Pol\u00edtica de Cookies"}]},{"@type":"WebSite","@id":"https:\/\/www.publidesk.com.br\/#website","url":"https:\/\/www.publidesk.com.br\/","name":"PubliDesk","description":"Sistema de Atendimento","publisher":{"@id":"https:\/\/www.publidesk.com.br\/#organization"},"potentialAction":[{"@type":"SearchAction","target":{"@type":"EntryPoint","urlTemplate":"https:\/\/www.publidesk.com.br\/?s={search_term_string}"},"query-input":{"@type":"PropertyValueSpecification","valueRequired":true,"valueName":"search_term_string"}}],"inLanguage":"en-US"},{"@type":"Organization","@id":"https:\/\/www.publidesk.com.br\/#organization","name":"PubliDesk","url":"https:\/\/www.publidesk.com.br\/","logo":{"@type":"ImageObject","inLanguage":"en-US","@id":"https:\/\/www.publidesk.com.br\/#\/schema\/logo\/image\/","url":"https:\/\/www.publidesk.com.br\/wp-content\/uploads\/2024\/01\/cropped-favicon-publidesk-1.webp","contentUrl":"https:\/\/www.publidesk.com.br\/wp-content\/uploads\/2024\/01\/cropped-favicon-publidesk-1.webp","width":512,"height":512,"caption":"PubliDesk"},"image":{"@id":"https:\/\/www.publidesk.com.br\/#\/schema\/logo\/image\/"},"sameAs":["https:\/\/www.facebook.com\/publidesk.brfacebook.com\/publidesk.br","https:\/\/www.instagram.com\/publi.desk","https:\/\/www.linkedin.com\/company\/publi-desk"]}]}},"_links":{"self":[{"href":"https:\/\/www.publidesk.com.br\/en\/wp-json\/wp\/v2\/pages\/2133","targetHints":{"allow":["GET"]}}],"collection":[{"href":"https:\/\/www.publidesk.com.br\/en\/wp-json\/wp\/v2\/pages"}],"about":[{"href":"https:\/\/www.publidesk.com.br\/en\/wp-json\/wp\/v2\/types\/page"}],"author":[{"embeddable":true,"href":"https:\/\/www.publidesk.com.br\/en\/wp-json\/wp\/v2\/users\/2"}],"replies":[{"embeddable":true,"href":"https:\/\/www.publidesk.com.br\/en\/wp-json\/wp\/v2\/comments?post=2133"}],"version-history":[{"count":0,"href":"https:\/\/www.publidesk.com.br\/en\/wp-json\/wp\/v2\/pages\/2133\/revisions"}],"wp:attachment":[{"href":"https:\/\/www.publidesk.com.br\/en\/wp-json\/wp\/v2\/media?parent=2133"}],"curies":[{"name":"wp","href":"https:\/\/api.w.org\/{rel}","templated":true}]}}