{"id":2120,"date":"2024-08-27T22:51:20","date_gmt":"2024-08-28T01:51:20","guid":{"rendered":"https:\/\/www.publidesk.com.br\/?page_id=2120"},"modified":"2024-10-08T20:25:04","modified_gmt":"2024-10-08T23:25:04","slug":"politica-de-privacidade","status":"publish","type":"page","link":"https:\/\/www.publidesk.com.br\/es\/politica-de-privacidade\/","title":{"rendered":"Pol\u00edtica de Privacidad"},"content":{"rendered":"<div data-elementor-type=\"wp-page\" data-elementor-id=\"2120\" class=\"elementor elementor-2120\" data-elementor-post-type=\"page\">\n\t\t\t\t<div class=\"elementor-element elementor-element-f2c028e e-flex e-con-boxed e-con e-parent\" data-id=\"f2c028e\" data-element_type=\"container\" data-e-type=\"container\" data-settings=\"{&quot;background_background&quot;:&quot;classic&quot;}\">\n\t\t\t\t\t<div class=\"e-con-inner\">\n\t\t\t\t<div class=\"elementor-element elementor-element-3e5152e elementor-widget elementor-widget-heading\" data-id=\"3e5152e\" data-element_type=\"widget\" data-e-type=\"widget\" data-widget_type=\"heading.default\">\n\t\t\t\t<div class=\"elementor-widget-container\">\n\t\t\t\t\t<h2 class=\"elementor-heading-title elementor-size-default\">Pol\u00edtica de Privacidad<\/h2>\t\t\t\t<\/div>\n\t\t\t\t<\/div>\n\t\t\t\t\t<\/div>\n\t\t\t\t<\/div>\n\t\t<div class=\"elementor-element elementor-element-12f8049 e-flex e-con-boxed e-con e-parent\" data-id=\"12f8049\" data-element_type=\"container\" data-e-type=\"container\">\n\t\t\t\t\t<div class=\"e-con-inner\">\n\t\t\t\t<div class=\"elementor-element elementor-element-84f8511 elementor-widget elementor-widget-text-editor\" data-id=\"84f8511\" data-element_type=\"widget\" data-e-type=\"widget\" data-widget_type=\"text-editor.default\">\n\t\t\t\t<div class=\"elementor-widget-container\">\n\t\t\t\t\t\t\t\t\t<p>Esta Pol\u00edtica de Privacidad tiene como objetivo demostrar el compromiso de PUBLIDESK con su privacidad y la protecci\u00f3n de sus datos personales, garantizando la transparencia en relaci\u00f3n con el procesamiento de sus datos personales.<\/p>\n<p><strong>Definiciones&nbsp;<\/strong><\/p>\n<ul>\n<li>\u201cDatos Personales\u201d: informaci\u00f3n relacionada con una persona f\u00edsica identificada o identificable;<\/li>\n<li>\u201cDatos Personales Sensibles\u201d: datos personales sobre origen racial o \u00e9tnico, convicciones religiosas, opiniones pol\u00edticas, afiliaci\u00f3n a un sindicato u organizaci\u00f3n de car\u00e1cter religioso, filos\u00f3fico o pol\u00edtico, datos relativos a la salud o la vida sexual, datos gen\u00e9ticos o biom\u00e9tricos, cuando vinculado a una persona f\u00edsica;<\/li>\n<li>\u201cTitular del dato\u201d: persona natural a quien se refieren los datos personales objeto de tratamiento;<\/li>\n<li>\u201cTratamiento\u201d: cualquier operaci\u00f3n realizada con datos personales, como las relativas a recolecci\u00f3n, producci\u00f3n, recepci\u00f3n, clasificaci\u00f3n, uso, acceso, reproducci\u00f3n, transmisi\u00f3n, distribuci\u00f3n, procesamiento, archivo, almacenamiento, eliminaci\u00f3n, evaluaci\u00f3n o control de informaci\u00f3n, modificaci\u00f3n. , comunicaci\u00f3n, transferencia, difusi\u00f3n o extracci\u00f3n;<\/li>\n<li>\u201cResponsable\u201d: persona f\u00edsica o jur\u00eddica, de derecho p\u00fablico o privado, que es responsable de las decisiones relativas al tratamiento de datos personales;<\/li>\n<\/ul>\n<p>PUBLIDESK es el responsable del tratamiento de los datos personales que recoge en su sitio web. Esto significa que la empresa es responsable de tomar decisiones sobre c\u00f3mo se tratar\u00e1n los datos personales, de acuerdo con los t\u00e9rminos que se establecen a continuaci\u00f3n.<\/p>\n<p><strong>Tipo de datos personales recopilados<\/strong><\/p>\n<p>Recopilamos y procesamos los siguientes datos personales:<\/p>\n<p>Datos de registro personal: nombre completo; correo electr\u00f3nico; tel\u00e9fono; DIRECCI\u00d3N; FPC; fecha de nacimiento; sexo; profesi\u00f3n; posici\u00f3n; empresa; actividad; segmento.<br>\nDatos personales recogidos autom\u00e1ticamente: informaci\u00f3n estad\u00edstica agregada.<\/p>\n<p><strong>C\u00f3mo recopilamos datos personales<\/strong><\/p>\n<p>Sus datos personales podr\u00e1n ser recabados por PUBLIDESK a trav\u00e9s de los siguientes medios:<\/p>\n<p>Datos personales proporcionados por el usuario: mediante registro voluntario en nuestro sitio web; descargando libros electr\u00f3nicos o similares; registr\u00e1ndose en seminarios web o eventos.<br>\nDatos recogidos de forma autom\u00e1tica: mediante cookies anal\u00edticas. Para m\u00e1s detalles, le recomendamos leer nuestra Pol\u00edtica de Cookies.<\/p>\n<p><strong>Prop\u00f3sitos<\/strong><\/p>\n<p>Los datos personales recabados ser\u00e1n utilizados para las siguientes finalidades:<\/p>\n<p>Datos personales de registro: para el env\u00edo de newsletters, mailings y mailings personalizados para prospecci\u00f3n y oferta de productos y contenidos elaborados por PUBLIDESK, y en eventos con la participaci\u00f3n de socios, se podr\u00e1n compartir datos personales con los mismos;<br>\nDatos recogidos de forma autom\u00e1tica: para mejorar la presentaci\u00f3n y navegaci\u00f3n en nuestro sitio web.<\/p>\n<p><strong>Intercambio de datos personales<\/strong><\/p>\n<p>Solo compartimos datos personales en situaciones en las que sea estrictamente necesario para cumplir con los fines enumerados anteriormente. Por lo tanto, podemos compartir informaci\u00f3n con terceros para hacer posible la prestaci\u00f3n de nuestros servicios.<br>\nAdem\u00e1s, los datos personales podr\u00e1n ser compartidos con autoridades judiciales y administrativas siempre que exista una determinaci\u00f3n legal o reglamentaria al respecto.<br>\nConviene recordar que, al acceder al sitio web, podr\u00e1 ser conducido, mediante enlace, a otros portales que podr\u00e1n recabar sus datos personales. En este caso, le corresponder\u00e1 leer y aceptar las Pol\u00edticas de Privacidad respectivas. No somos responsables de las Pol\u00edticas de terceros, ni del contenido de ning\u00fan sitio web o servicio vinculado a entornos distintos a los de PUBLIDESK.<\/p>\n<p><strong>C\u00f3mo almacenamos sus datos personales<\/strong><\/p>\n<p>Sus datos personales se almacenar\u00e1n de forma segura en nuestros sistemas y servidores durante el per\u00edodo necesario para llevar a cabo nuestras actividades. Cuando se hayan logrado los fines del procesamiento, eliminaremos sus datos personales de acuerdo con nuestras pol\u00edticas internas y en cumplimiento de las obligaciones legales y\/o reglamentarias.<\/p>\n<p><strong>Plazo de conservaci\u00f3n de los datos personales y disposici\u00f3n<\/strong><\/p>\n<p>Conservamos sus datos personales mientras el procesamiento sea necesario para realizar nuestros servicios, as\u00ed como para cumplir con requisitos legales o reglamentarios. Una vez finalizado el procesamiento, sus datos personales se eliminar\u00e1n de forma segura.<\/p>\n<p><strong>Medidas de seguridad<\/strong><\/p>\n<p>Durante todo el tratamiento de sus datos personales, se utilizan medidas t\u00e9cnicas y administrativas para mantenerlos seguros y evitar cualquier acceso no autorizado, situaciones accidentales o il\u00edcitas de destrucci\u00f3n, p\u00e9rdida, alteraci\u00f3n, comunicaci\u00f3n o cualquier forma de tratamiento inapropiado o il\u00edcito.<\/p>\n<p><strong>Cambios en la Pol\u00edtica de Privacidad<\/strong><\/p>\n<p>PUBLIDESK se compromete a mantener actualizada la presente Pol\u00edtica de acuerdo con las nuevas normas y actividades incorporadas a la prestaci\u00f3n de los servicios. Por lo tanto, puede actualizar esta Pol\u00edtica de vez en cuando. Para acceder a la nueva versi\u00f3n, simplemente visite nuestra p\u00e1gina peri\u00f3dicamente para mantenerse informado sobre cualquier actualizaci\u00f3n.<\/p>\n<p>&nbsp;<\/p>\t\t\t\t\t\t\t\t<\/div>\n\t\t\t\t<\/div>\n\t\t\t\t\t<\/div>\n\t\t\t\t<\/div>\n\t\t\t\t<\/div>","protected":false},"excerpt":{"rendered":"<p>Pol\u00edtica de Privacidade A presente Pol\u00edtica de Privacidade possui a finalidade de demonstrar o compromisso da PUBLIDESK com a sua privacidade e a prote\u00e7\u00e3o de seus dados pessoais, garantindo transpar\u00eancia em rela\u00e7\u00e3o ao tratamento de seus dados pessoais. Defini\u00e7\u00f5es&nbsp; \u201cDado Pessoal\u201d: informa\u00e7\u00e3o relacionada a pessoa natural identificada ou identific\u00e1vel; \u201cDado Pessoal Sens\u00edvel\u201d: dado pessoal sobre [&hellip;]<\/p>\n","protected":false},"author":2,"featured_media":0,"parent":0,"menu_order":0,"comment_status":"closed","ping_status":"closed","template":"elementor_header_footer","meta":{"footnotes":""},"class_list":["post-2120","page","type-page","status-publish","hentry"],"yoast_head":"<!-- This site is optimized with the Yoast SEO plugin v27.4 - https:\/\/yoast.com\/product\/yoast-seo-wordpress\/ -->\n<title>Pol\u00edtica de Privacidade | PubliDesk<\/title>\n<meta name=\"description\" content=\"Organize todos os contatos com seus clientes em um s\u00f3 lugar e potencialize suas conex\u00f5es de forma inteligente.\" \/>\n<meta name=\"robots\" content=\"index, follow, max-snippet:-1, max-image-preview:large, max-video-preview:-1\" \/>\n<link rel=\"canonical\" href=\"https:\/\/www.publidesk.com.br\/es\/politica-de-privacidade\/\" \/>\n<meta property=\"og:locale\" content=\"es_ES\" \/>\n<meta property=\"og:type\" content=\"article\" \/>\n<meta property=\"og:title\" content=\"Pol\u00edtica de Privacidade | PubliDesk\" \/>\n<meta property=\"og:description\" content=\"Organize todos os contatos com seus clientes em um s\u00f3 lugar e potencialize suas conex\u00f5es de forma inteligente.\" \/>\n<meta property=\"og:url\" content=\"https:\/\/www.publidesk.com.br\/es\/politica-de-privacidade\/\" \/>\n<meta property=\"og:site_name\" content=\"PubliDesk\" \/>\n<meta property=\"article:publisher\" content=\"https:\/\/www.facebook.com\/publidesk.brfacebook.com\/publidesk.br\" \/>\n<meta property=\"article:modified_time\" content=\"2024-10-08T23:25:04+00:00\" \/>\n<meta property=\"og:image\" content=\"https:\/\/www.publidesk.com.br\/wp-content\/uploads\/2024\/11\/Design-sem-nome-72-1.png\" \/>\n\t<meta property=\"og:image:width\" content=\"1200\" \/>\n\t<meta property=\"og:image:height\" content=\"675\" \/>\n\t<meta property=\"og:image:type\" content=\"image\/png\" \/>\n<meta name=\"twitter:card\" content=\"summary_large_image\" \/>\n<meta name=\"twitter:label1\" content=\"Tiempo de lectura\" \/>\n\t<meta name=\"twitter:data1\" content=\"4 minutos\" \/>\n<script type=\"application\/ld+json\" class=\"yoast-schema-graph\">{\"@context\":\"https:\\\/\\\/schema.org\",\"@graph\":[{\"@type\":\"WebPage\",\"@id\":\"https:\\\/\\\/www.publidesk.com.br\\\/politica-de-privacidade\\\/\",\"url\":\"https:\\\/\\\/www.publidesk.com.br\\\/politica-de-privacidade\\\/\",\"name\":\"Pol\u00edtica de Privacidade | PubliDesk\",\"isPartOf\":{\"@id\":\"https:\\\/\\\/www.publidesk.com.br\\\/#website\"},\"datePublished\":\"2024-08-28T01:51:20+00:00\",\"dateModified\":\"2024-10-08T23:25:04+00:00\",\"description\":\"Organize todos os contatos com seus clientes em um s\u00f3 lugar e potencialize suas conex\u00f5es de forma inteligente.\",\"breadcrumb\":{\"@id\":\"https:\\\/\\\/www.publidesk.com.br\\\/politica-de-privacidade\\\/#breadcrumb\"},\"inLanguage\":\"es\",\"potentialAction\":[{\"@type\":\"ReadAction\",\"target\":[\"https:\\\/\\\/www.publidesk.com.br\\\/politica-de-privacidade\\\/\"]}]},{\"@type\":\"BreadcrumbList\",\"@id\":\"https:\\\/\\\/www.publidesk.com.br\\\/politica-de-privacidade\\\/#breadcrumb\",\"itemListElement\":[{\"@type\":\"ListItem\",\"position\":1,\"name\":\"In\u00edcio\",\"item\":\"https:\\\/\\\/www.publidesk.com.br\\\/\"},{\"@type\":\"ListItem\",\"position\":2,\"name\":\"Pol\u00edtica de Privacidade\"}]},{\"@type\":\"WebSite\",\"@id\":\"https:\\\/\\\/www.publidesk.com.br\\\/#website\",\"url\":\"https:\\\/\\\/www.publidesk.com.br\\\/\",\"name\":\"PubliDesk\",\"description\":\"Sistema de Atendimento\",\"publisher\":{\"@id\":\"https:\\\/\\\/www.publidesk.com.br\\\/#organization\"},\"potentialAction\":[{\"@type\":\"SearchAction\",\"target\":{\"@type\":\"EntryPoint\",\"urlTemplate\":\"https:\\\/\\\/www.publidesk.com.br\\\/?s={search_term_string}\"},\"query-input\":{\"@type\":\"PropertyValueSpecification\",\"valueRequired\":true,\"valueName\":\"search_term_string\"}}],\"inLanguage\":\"es\"},{\"@type\":\"Organization\",\"@id\":\"https:\\\/\\\/www.publidesk.com.br\\\/#organization\",\"name\":\"PubliDesk\",\"url\":\"https:\\\/\\\/www.publidesk.com.br\\\/\",\"logo\":{\"@type\":\"ImageObject\",\"inLanguage\":\"es\",\"@id\":\"https:\\\/\\\/www.publidesk.com.br\\\/#\\\/schema\\\/logo\\\/image\\\/\",\"url\":\"https:\\\/\\\/www.publidesk.com.br\\\/wp-content\\\/uploads\\\/2024\\\/01\\\/cropped-favicon-publidesk-1.webp\",\"contentUrl\":\"https:\\\/\\\/www.publidesk.com.br\\\/wp-content\\\/uploads\\\/2024\\\/01\\\/cropped-favicon-publidesk-1.webp\",\"width\":512,\"height\":512,\"caption\":\"PubliDesk\"},\"image\":{\"@id\":\"https:\\\/\\\/www.publidesk.com.br\\\/#\\\/schema\\\/logo\\\/image\\\/\"},\"sameAs\":[\"https:\\\/\\\/www.facebook.com\\\/publidesk.brfacebook.com\\\/publidesk.br\",\"https:\\\/\\\/www.instagram.com\\\/publi.desk\",\"https:\\\/\\\/www.linkedin.com\\\/company\\\/publi-desk\"]}]}<\/script>\n<!-- \/ Yoast SEO plugin. -->","yoast_head_json":{"title":"Pol\u00edtica de Privacidade | PubliDesk","description":"Organiza todos los contactos con tus clientes en un solo lugar y mejora inteligentemente tus conexiones.","robots":{"index":"index","follow":"follow","max-snippet":"max-snippet:-1","max-image-preview":"max-image-preview:large","max-video-preview":"max-video-preview:-1"},"canonical":"https:\/\/www.publidesk.com.br\/es\/politica-de-privacidade\/","og_locale":"es_ES","og_type":"article","og_title":"Pol\u00edtica de Privacidade | PubliDesk","og_description":"Organize todos os contatos com seus clientes em um s\u00f3 lugar e potencialize suas conex\u00f5es de forma inteligente.","og_url":"https:\/\/www.publidesk.com.br\/es\/politica-de-privacidade\/","og_site_name":"PubliDesk","article_publisher":"https:\/\/www.facebook.com\/publidesk.brfacebook.com\/publidesk.br","article_modified_time":"2024-10-08T23:25:04+00:00","og_image":[{"width":1200,"height":675,"url":"https:\/\/www.publidesk.com.br\/wp-content\/uploads\/2024\/11\/Design-sem-nome-72-1.png","type":"image\/png"}],"twitter_card":"summary_large_image","twitter_misc":{"Tiempo de lectura":"4 minutos"},"schema":{"@context":"https:\/\/schema.org","@graph":[{"@type":"WebPage","@id":"https:\/\/www.publidesk.com.br\/politica-de-privacidade\/","url":"https:\/\/www.publidesk.com.br\/politica-de-privacidade\/","name":"Pol\u00edtica de Privacidade | PubliDesk","isPartOf":{"@id":"https:\/\/www.publidesk.com.br\/#website"},"datePublished":"2024-08-28T01:51:20+00:00","dateModified":"2024-10-08T23:25:04+00:00","description":"Organiza todos los contactos con tus clientes en un solo lugar y mejora inteligentemente tus conexiones.","breadcrumb":{"@id":"https:\/\/www.publidesk.com.br\/politica-de-privacidade\/#breadcrumb"},"inLanguage":"es","potentialAction":[{"@type":"ReadAction","target":["https:\/\/www.publidesk.com.br\/politica-de-privacidade\/"]}]},{"@type":"BreadcrumbList","@id":"https:\/\/www.publidesk.com.br\/politica-de-privacidade\/#breadcrumb","itemListElement":[{"@type":"ListItem","position":1,"name":"In\u00edcio","item":"https:\/\/www.publidesk.com.br\/"},{"@type":"ListItem","position":2,"name":"Pol\u00edtica de Privacidade"}]},{"@type":"WebSite","@id":"https:\/\/www.publidesk.com.br\/#website","url":"https:\/\/www.publidesk.com.br\/","name":"PubliDesk","description":"Sistema de Atendimento","publisher":{"@id":"https:\/\/www.publidesk.com.br\/#organization"},"potentialAction":[{"@type":"SearchAction","target":{"@type":"EntryPoint","urlTemplate":"https:\/\/www.publidesk.com.br\/?s={search_term_string}"},"query-input":{"@type":"PropertyValueSpecification","valueRequired":true,"valueName":"search_term_string"}}],"inLanguage":"es"},{"@type":"Organization","@id":"https:\/\/www.publidesk.com.br\/#organization","name":"PubliDesk","url":"https:\/\/www.publidesk.com.br\/","logo":{"@type":"ImageObject","inLanguage":"es","@id":"https:\/\/www.publidesk.com.br\/#\/schema\/logo\/image\/","url":"https:\/\/www.publidesk.com.br\/wp-content\/uploads\/2024\/01\/cropped-favicon-publidesk-1.webp","contentUrl":"https:\/\/www.publidesk.com.br\/wp-content\/uploads\/2024\/01\/cropped-favicon-publidesk-1.webp","width":512,"height":512,"caption":"PubliDesk"},"image":{"@id":"https:\/\/www.publidesk.com.br\/#\/schema\/logo\/image\/"},"sameAs":["https:\/\/www.facebook.com\/publidesk.brfacebook.com\/publidesk.br","https:\/\/www.instagram.com\/publi.desk","https:\/\/www.linkedin.com\/company\/publi-desk"]}]}},"_links":{"self":[{"href":"https:\/\/www.publidesk.com.br\/es\/wp-json\/wp\/v2\/pages\/2120","targetHints":{"allow":["GET"]}}],"collection":[{"href":"https:\/\/www.publidesk.com.br\/es\/wp-json\/wp\/v2\/pages"}],"about":[{"href":"https:\/\/www.publidesk.com.br\/es\/wp-json\/wp\/v2\/types\/page"}],"author":[{"embeddable":true,"href":"https:\/\/www.publidesk.com.br\/es\/wp-json\/wp\/v2\/users\/2"}],"replies":[{"embeddable":true,"href":"https:\/\/www.publidesk.com.br\/es\/wp-json\/wp\/v2\/comments?post=2120"}],"version-history":[{"count":0,"href":"https:\/\/www.publidesk.com.br\/es\/wp-json\/wp\/v2\/pages\/2120\/revisions"}],"wp:attachment":[{"href":"https:\/\/www.publidesk.com.br\/es\/wp-json\/wp\/v2\/media?parent=2120"}],"curies":[{"name":"wp","href":"https:\/\/api.w.org\/{rel}","templated":true}]}}