{"id":2133,"date":"2024-08-27T22:57:18","date_gmt":"2024-08-28T01:57:18","guid":{"rendered":"https:\/\/www.publidesk.com.br\/?page_id=2133"},"modified":"2024-10-08T20:24:58","modified_gmt":"2024-10-08T23:24:58","slug":"politica-de-cookies","status":"publish","type":"page","link":"https:\/\/www.publidesk.com.br\/es\/politica-de-cookies\/","title":{"rendered":"Pol\u00edtica de Cookies"},"content":{"rendered":"<div data-elementor-type=\"wp-page\" data-elementor-id=\"2133\" class=\"elementor elementor-2133\" data-elementor-post-type=\"page\">\n\t\t\t\t<div class=\"elementor-element elementor-element-f2c028e e-flex e-con-boxed e-con e-parent\" data-id=\"f2c028e\" data-element_type=\"container\" data-e-type=\"container\" data-settings=\"{&quot;background_background&quot;:&quot;classic&quot;}\">\n\t\t\t\t\t<div class=\"e-con-inner\">\n\t\t\t\t<div class=\"elementor-element elementor-element-3e5152e elementor-widget elementor-widget-heading\" data-id=\"3e5152e\" data-element_type=\"widget\" data-e-type=\"widget\" data-widget_type=\"heading.default\">\n\t\t\t\t<div class=\"elementor-widget-container\">\n\t\t\t\t\t<h2 class=\"elementor-heading-title elementor-size-default\">Pol\u00edtica de Privacidad<\/h2>\t\t\t\t<\/div>\n\t\t\t\t<\/div>\n\t\t\t\t\t<\/div>\n\t\t\t\t<\/div>\n\t\t<div class=\"elementor-element elementor-element-12f8049 e-flex e-con-boxed e-con e-parent\" data-id=\"12f8049\" data-element_type=\"container\" data-e-type=\"container\">\n\t\t\t\t\t<div class=\"e-con-inner\">\n\t\t\t\t<div class=\"elementor-element elementor-element-84f8511 elementor-widget elementor-widget-text-editor\" data-id=\"84f8511\" data-element_type=\"widget\" data-e-type=\"widget\" data-widget_type=\"text-editor.default\">\n\t\t\t\t<div class=\"elementor-widget-container\">\n\t\t\t\t\t\t\t\t\t<p><strong>Definici\u00f3n&nbsp;<\/strong><\/p>\n<p>Las cookies son peque\u00f1os archivos de texto que el navegador de Internet almacena en el dispositivo del usuario. Se utilizan ampliamente para hacer que los sitios web funcionen de manera general o m\u00e1s eficiente, as\u00ed como para proporcionar informaci\u00f3n a los propietarios de sitios web.<\/p>\n<p><strong>Prop\u00f3sitos<\/strong><\/p>\n<p>PUBLIDESK utiliza cookies para recopilar y almacenar informaci\u00f3n sobre las preferencias personales del usuario cuando visita el sitio web. Esta informaci\u00f3n consta de datos relativos a las preferencias de navegaci\u00f3n y a las p\u00e1ginas visitadas por el usuario mediante el env\u00edo de una o m\u00e1s cookies o identificadores an\u00f3nimos, que se recogen de forma autom\u00e1tica.<br>\nTenga en cuenta que esta informaci\u00f3n se utiliza para mejorar y personalizar la experiencia de navegaci\u00f3n en el sitio web con el fin de alinear la presentaci\u00f3n de nuestro sitio web con los intereses personales del usuario. Al realizar este tipo de tratamiento de los datos recabados, PUBLIDESK garantiza observar los principios de protecci\u00f3n de datos aplicables, por lo que no se permitir\u00e1 el uso de la informaci\u00f3n recabada para fines distintos a los establecidos en esta Pol\u00edtica.<\/p>\n<p><strong>Tipos de cookies utilizadas<\/strong><\/p>\n<ul>\n<li><strong>Cookies estrictamente necesarias: <\/strong>Estas cookies permiten la navegaci\u00f3n y el uso de aplicaciones, as\u00ed como el acceso a \u00e1reas seguras del sitio web. Sin las cookies estrictamente necesarias, el sitio web no funcionar\u00e1 correctamente.<\/li>\n<li><strong>Cookies de funcionalidad: <\/strong>Estas cookies se utilizan para garantizar la disponibilidad de funcionalidades adicionales del sitio web o para guardar las preferencias definidas por el usuario al navegar por Internet, siempre que utilice el mismo dispositivo.<\/li>\n<\/ul>\n<p><strong><br>\nC\u00f3mo gestionar las cookies<\/strong><\/p>\n<p>Los navegadores de Internet, por lo general, est\u00e1n configurados para aceptar cookies autom\u00e1ticamente, pero el usuario puede cambiar la configuraci\u00f3n para bloquearlas. Tenga en cuenta que puede ser necesario actualizar la p\u00e1gina del sitio web para que la nueva configuraci\u00f3n entre en vigor.<br>\nResaltamos que cualquier cambio puede influir en la interacci\u00f3n con nuestro sitio web, incluyendo la posibilidad de generar errores en algunas de sus caracter\u00edsticas.<\/p>\n<p><strong><br>\nActualizaci\u00f3n de esta Pol\u00edtica<\/strong><\/p>\n<p>Esta Pol\u00edtica podr\u00e1 ser modificada en cualquier momento, en funci\u00f3n de la adopci\u00f3n de nuevas tecnolog\u00edas por parte de PUBLIDESK, as\u00ed como para mantenernos actualizados sobre los fines para los que utilizamos las cookies y las mejores pr\u00e1cticas de protecci\u00f3n de datos. Por lo tanto, le recomendamos que visite nuestro sitio web de vez en cuando para mantenerse actualizado sobre c\u00f3mo utilizamos las cookies.<\/p>\t\t\t\t\t\t\t\t<\/div>\n\t\t\t\t<\/div>\n\t\t\t\t\t<\/div>\n\t\t\t\t<\/div>\n\t\t\t\t<\/div>","protected":false},"excerpt":{"rendered":"<p>Pol\u00edtica de Privacidade Defini\u00e7\u00e3o&nbsp; Cookies s\u00e3o pequenos arquivos em texto que s\u00e3o armazenados no dispositivo do usu\u00e1rio pelo navegador de internet. Eles s\u00e3o amplamente utilizados para que os sites funcionem de forma geral ou com mais efici\u00eancia, bem como para fornecer informa\u00e7\u00f5es aos propriet\u00e1rios do site. Finalidades A PUBLIDESK faz a utiliza\u00e7\u00e3o de cookies para [&hellip;]<\/p>\n","protected":false},"author":2,"featured_media":0,"parent":0,"menu_order":0,"comment_status":"closed","ping_status":"closed","template":"elementor_header_footer","meta":{"footnotes":""},"class_list":["post-2133","page","type-page","status-publish","hentry"],"yoast_head":"<!-- This site is optimized with the Yoast SEO plugin v27.4 - https:\/\/yoast.com\/product\/yoast-seo-wordpress\/ -->\n<title>Pol\u00edtica de Cookies | PubliDesk<\/title>\n<meta name=\"description\" content=\"Organize todos os contatos com seus clientes em um s\u00f3 lugar e potencialize suas conex\u00f5es de forma inteligente.\" \/>\n<meta name=\"robots\" content=\"index, follow, max-snippet:-1, max-image-preview:large, max-video-preview:-1\" \/>\n<link rel=\"canonical\" href=\"https:\/\/www.publidesk.com.br\/es\/politica-de-cookies\/\" \/>\n<meta property=\"og:locale\" content=\"es_ES\" \/>\n<meta property=\"og:type\" content=\"article\" \/>\n<meta property=\"og:title\" content=\"Pol\u00edtica de Cookies | PubliDesk\" \/>\n<meta property=\"og:description\" content=\"Organize todos os contatos com seus clientes em um s\u00f3 lugar e potencialize suas conex\u00f5es de forma inteligente.\" \/>\n<meta property=\"og:url\" content=\"https:\/\/www.publidesk.com.br\/es\/politica-de-cookies\/\" \/>\n<meta property=\"og:site_name\" content=\"PubliDesk\" \/>\n<meta property=\"article:publisher\" content=\"https:\/\/www.facebook.com\/publidesk.brfacebook.com\/publidesk.br\" \/>\n<meta property=\"article:modified_time\" content=\"2024-10-08T23:24:58+00:00\" \/>\n<meta property=\"og:image\" content=\"https:\/\/www.publidesk.com.br\/wp-content\/uploads\/2024\/11\/Design-sem-nome-72-1.png\" \/>\n\t<meta property=\"og:image:width\" content=\"1200\" \/>\n\t<meta property=\"og:image:height\" content=\"675\" \/>\n\t<meta property=\"og:image:type\" content=\"image\/png\" \/>\n<meta name=\"twitter:card\" content=\"summary_large_image\" \/>\n<meta name=\"twitter:label1\" content=\"Tiempo de lectura\" \/>\n\t<meta name=\"twitter:data1\" content=\"3 minutos\" \/>\n<script type=\"application\/ld+json\" class=\"yoast-schema-graph\">{\"@context\":\"https:\\\/\\\/schema.org\",\"@graph\":[{\"@type\":\"WebPage\",\"@id\":\"https:\\\/\\\/www.publidesk.com.br\\\/politica-de-cookies\\\/\",\"url\":\"https:\\\/\\\/www.publidesk.com.br\\\/politica-de-cookies\\\/\",\"name\":\"Pol\u00edtica de Cookies | PubliDesk\",\"isPartOf\":{\"@id\":\"https:\\\/\\\/www.publidesk.com.br\\\/#website\"},\"datePublished\":\"2024-08-28T01:57:18+00:00\",\"dateModified\":\"2024-10-08T23:24:58+00:00\",\"description\":\"Organize todos os contatos com seus clientes em um s\u00f3 lugar e potencialize suas conex\u00f5es de forma inteligente.\",\"breadcrumb\":{\"@id\":\"https:\\\/\\\/www.publidesk.com.br\\\/politica-de-cookies\\\/#breadcrumb\"},\"inLanguage\":\"es\",\"potentialAction\":[{\"@type\":\"ReadAction\",\"target\":[\"https:\\\/\\\/www.publidesk.com.br\\\/politica-de-cookies\\\/\"]}]},{\"@type\":\"BreadcrumbList\",\"@id\":\"https:\\\/\\\/www.publidesk.com.br\\\/politica-de-cookies\\\/#breadcrumb\",\"itemListElement\":[{\"@type\":\"ListItem\",\"position\":1,\"name\":\"In\u00edcio\",\"item\":\"https:\\\/\\\/www.publidesk.com.br\\\/\"},{\"@type\":\"ListItem\",\"position\":2,\"name\":\"Pol\u00edtica de Cookies\"}]},{\"@type\":\"WebSite\",\"@id\":\"https:\\\/\\\/www.publidesk.com.br\\\/#website\",\"url\":\"https:\\\/\\\/www.publidesk.com.br\\\/\",\"name\":\"PubliDesk\",\"description\":\"Sistema de Atendimento\",\"publisher\":{\"@id\":\"https:\\\/\\\/www.publidesk.com.br\\\/#organization\"},\"potentialAction\":[{\"@type\":\"SearchAction\",\"target\":{\"@type\":\"EntryPoint\",\"urlTemplate\":\"https:\\\/\\\/www.publidesk.com.br\\\/?s={search_term_string}\"},\"query-input\":{\"@type\":\"PropertyValueSpecification\",\"valueRequired\":true,\"valueName\":\"search_term_string\"}}],\"inLanguage\":\"es\"},{\"@type\":\"Organization\",\"@id\":\"https:\\\/\\\/www.publidesk.com.br\\\/#organization\",\"name\":\"PubliDesk\",\"url\":\"https:\\\/\\\/www.publidesk.com.br\\\/\",\"logo\":{\"@type\":\"ImageObject\",\"inLanguage\":\"es\",\"@id\":\"https:\\\/\\\/www.publidesk.com.br\\\/#\\\/schema\\\/logo\\\/image\\\/\",\"url\":\"https:\\\/\\\/www.publidesk.com.br\\\/wp-content\\\/uploads\\\/2024\\\/01\\\/cropped-favicon-publidesk-1.webp\",\"contentUrl\":\"https:\\\/\\\/www.publidesk.com.br\\\/wp-content\\\/uploads\\\/2024\\\/01\\\/cropped-favicon-publidesk-1.webp\",\"width\":512,\"height\":512,\"caption\":\"PubliDesk\"},\"image\":{\"@id\":\"https:\\\/\\\/www.publidesk.com.br\\\/#\\\/schema\\\/logo\\\/image\\\/\"},\"sameAs\":[\"https:\\\/\\\/www.facebook.com\\\/publidesk.brfacebook.com\\\/publidesk.br\",\"https:\\\/\\\/www.instagram.com\\\/publi.desk\",\"https:\\\/\\\/www.linkedin.com\\\/company\\\/publi-desk\"]}]}<\/script>\n<!-- \/ Yoast SEO plugin. -->","yoast_head_json":{"title":"Pol\u00edtica de Cookies | PubliDesk","description":"Organiza todos los contactos con tus clientes en un solo lugar y mejora inteligentemente tus conexiones.","robots":{"index":"index","follow":"follow","max-snippet":"max-snippet:-1","max-image-preview":"max-image-preview:large","max-video-preview":"max-video-preview:-1"},"canonical":"https:\/\/www.publidesk.com.br\/es\/politica-de-cookies\/","og_locale":"es_ES","og_type":"article","og_title":"Pol\u00edtica de Cookies | PubliDesk","og_description":"Organize todos os contatos com seus clientes em um s\u00f3 lugar e potencialize suas conex\u00f5es de forma inteligente.","og_url":"https:\/\/www.publidesk.com.br\/es\/politica-de-cookies\/","og_site_name":"PubliDesk","article_publisher":"https:\/\/www.facebook.com\/publidesk.brfacebook.com\/publidesk.br","article_modified_time":"2024-10-08T23:24:58+00:00","og_image":[{"width":1200,"height":675,"url":"https:\/\/www.publidesk.com.br\/wp-content\/uploads\/2024\/11\/Design-sem-nome-72-1.png","type":"image\/png"}],"twitter_card":"summary_large_image","twitter_misc":{"Tiempo de lectura":"3 minutos"},"schema":{"@context":"https:\/\/schema.org","@graph":[{"@type":"WebPage","@id":"https:\/\/www.publidesk.com.br\/politica-de-cookies\/","url":"https:\/\/www.publidesk.com.br\/politica-de-cookies\/","name":"Pol\u00edtica de Cookies | PubliDesk","isPartOf":{"@id":"https:\/\/www.publidesk.com.br\/#website"},"datePublished":"2024-08-28T01:57:18+00:00","dateModified":"2024-10-08T23:24:58+00:00","description":"Organiza todos los contactos con tus clientes en un solo lugar y mejora inteligentemente tus conexiones.","breadcrumb":{"@id":"https:\/\/www.publidesk.com.br\/politica-de-cookies\/#breadcrumb"},"inLanguage":"es","potentialAction":[{"@type":"ReadAction","target":["https:\/\/www.publidesk.com.br\/politica-de-cookies\/"]}]},{"@type":"BreadcrumbList","@id":"https:\/\/www.publidesk.com.br\/politica-de-cookies\/#breadcrumb","itemListElement":[{"@type":"ListItem","position":1,"name":"In\u00edcio","item":"https:\/\/www.publidesk.com.br\/"},{"@type":"ListItem","position":2,"name":"Pol\u00edtica de Cookies"}]},{"@type":"WebSite","@id":"https:\/\/www.publidesk.com.br\/#website","url":"https:\/\/www.publidesk.com.br\/","name":"PubliDesk","description":"Sistema de Atendimento","publisher":{"@id":"https:\/\/www.publidesk.com.br\/#organization"},"potentialAction":[{"@type":"SearchAction","target":{"@type":"EntryPoint","urlTemplate":"https:\/\/www.publidesk.com.br\/?s={search_term_string}"},"query-input":{"@type":"PropertyValueSpecification","valueRequired":true,"valueName":"search_term_string"}}],"inLanguage":"es"},{"@type":"Organization","@id":"https:\/\/www.publidesk.com.br\/#organization","name":"PubliDesk","url":"https:\/\/www.publidesk.com.br\/","logo":{"@type":"ImageObject","inLanguage":"es","@id":"https:\/\/www.publidesk.com.br\/#\/schema\/logo\/image\/","url":"https:\/\/www.publidesk.com.br\/wp-content\/uploads\/2024\/01\/cropped-favicon-publidesk-1.webp","contentUrl":"https:\/\/www.publidesk.com.br\/wp-content\/uploads\/2024\/01\/cropped-favicon-publidesk-1.webp","width":512,"height":512,"caption":"PubliDesk"},"image":{"@id":"https:\/\/www.publidesk.com.br\/#\/schema\/logo\/image\/"},"sameAs":["https:\/\/www.facebook.com\/publidesk.brfacebook.com\/publidesk.br","https:\/\/www.instagram.com\/publi.desk","https:\/\/www.linkedin.com\/company\/publi-desk"]}]}},"_links":{"self":[{"href":"https:\/\/www.publidesk.com.br\/es\/wp-json\/wp\/v2\/pages\/2133","targetHints":{"allow":["GET"]}}],"collection":[{"href":"https:\/\/www.publidesk.com.br\/es\/wp-json\/wp\/v2\/pages"}],"about":[{"href":"https:\/\/www.publidesk.com.br\/es\/wp-json\/wp\/v2\/types\/page"}],"author":[{"embeddable":true,"href":"https:\/\/www.publidesk.com.br\/es\/wp-json\/wp\/v2\/users\/2"}],"replies":[{"embeddable":true,"href":"https:\/\/www.publidesk.com.br\/es\/wp-json\/wp\/v2\/comments?post=2133"}],"version-history":[{"count":0,"href":"https:\/\/www.publidesk.com.br\/es\/wp-json\/wp\/v2\/pages\/2133\/revisions"}],"wp:attachment":[{"href":"https:\/\/www.publidesk.com.br\/es\/wp-json\/wp\/v2\/media?parent=2133"}],"curies":[{"name":"wp","href":"https:\/\/api.w.org\/{rel}","templated":true}]}}