{"id":2182,"date":"2024-08-28T15:09:56","date_gmt":"2024-08-28T18:09:56","guid":{"rendered":"https:\/\/www.publidesk.com.br\/?page_id=2182"},"modified":"2024-10-08T20:24:51","modified_gmt":"2024-10-08T23:24:51","slug":"termos-de-uso","status":"publish","type":"page","link":"https:\/\/www.publidesk.com.br\/es\/termos-de-uso\/","title":{"rendered":"Termos de uso"},"content":{"rendered":"<div data-elementor-type=\"wp-page\" data-elementor-id=\"2182\" class=\"elementor elementor-2182\" data-elementor-post-type=\"page\">\n\t\t\t\t<div class=\"elementor-element elementor-element-f2c028e e-flex e-con-boxed e-con e-parent\" data-id=\"f2c028e\" data-element_type=\"container\" data-e-type=\"container\" data-settings=\"{&quot;background_background&quot;:&quot;classic&quot;}\">\n\t\t\t\t\t<div class=\"e-con-inner\">\n\t\t\t\t<div class=\"elementor-element elementor-element-3e5152e elementor-widget elementor-widget-heading\" data-id=\"3e5152e\" data-element_type=\"widget\" data-e-type=\"widget\" data-widget_type=\"heading.default\">\n\t\t\t\t<div class=\"elementor-widget-container\">\n\t\t\t\t\t<h2 class=\"elementor-heading-title elementor-size-default\">T\u00e9rminos de Uso<\/h2>\t\t\t\t<\/div>\n\t\t\t\t<\/div>\n\t\t\t\t\t<\/div>\n\t\t\t\t<\/div>\n\t\t<div class=\"elementor-element elementor-element-12f8049 e-flex e-con-boxed e-con e-parent\" data-id=\"12f8049\" data-element_type=\"container\" data-e-type=\"container\">\n\t\t\t\t\t<div class=\"e-con-inner\">\n\t\t\t\t<div class=\"elementor-element elementor-element-84f8511 elementor-widget elementor-widget-text-editor\" data-id=\"84f8511\" data-element_type=\"widget\" data-e-type=\"widget\" data-widget_type=\"text-editor.default\">\n\t\t\t\t<div class=\"elementor-widget-container\">\n\t\t\t\t\t\t\t\t\t<p><b>Importante: lea atentamente estos t\u00e9rminos de uso en l\u00ednea.<br \/><\/b>Bienvenido a master.publidesk.com.br. PubliDesk (en lo sucesivo, &quot;PubliDesk&quot;, &quot;nosotros&quot;, &quot;nos&quot; o &quot;nuestro&quot;) proporciona una plataforma para cursos en l\u00ednea (colectivamente, los &quot;Servicios&quot;), a cuyos Servicios se puede acceder en master.publidesk.com. y cualquier otro sitio web a trav\u00e9s del cual PubliDesk pone a disposici\u00f3n los Servicios (colectivamente, el &quot;Sitio&quot;).<br \/><br \/>El Sitio y los Servicios se le ofrecen condicionados a su aceptaci\u00f3n sin modificaciones de los t\u00e9rminos, condiciones y avisos contenidos en este documento (los \u201cT\u00e9rminos\u201d). Su uso del Sitio y los Servicios constituye su aceptaci\u00f3n de todos dichos T\u00e9rminos. Lea estos t\u00e9rminos detenidamente y guarde una copia para su referencia. Nos reservamos el derecho de actualizar o modificar estos T\u00e9rminos en cualquier momento sin previo aviso, y su uso continuado del Sitio despu\u00e9s de la publicaci\u00f3n de cualquier cambio por parte de PubliDesk constituir\u00e1 su aceptaci\u00f3n de dichos cambios o modificaciones. Le recomendamos que revise estos T\u00e9rminos cada vez que utilice el Sitio.<\/p><p><b>Privacidad<\/b><br \/>Su uso del Sitio y los Servicios est\u00e1 sujeto a la Pol\u00edtica de Privacidad de PubliDesk. Revise nuestra Pol\u00edtica de privacidad, que tambi\u00e9n rige el Sitio e informa a los usuarios sobre nuestras pr\u00e1cticas de recopilaci\u00f3n de datos. PubliDesk no recopila intencionalmente, en l\u00ednea o fuera de l\u00ednea, informaci\u00f3n personal de ninguna persona menor de 13 a\u00f1os.<\/p><p><b>Elegibilidad<\/b><br \/>El Sitio y los Servicios est\u00e1n destinados exclusivamente a personas mayores de 18 a\u00f1os. Cualquier acceso o uso del Sitio o los Servicios por parte de cualquier persona menor de 18 a\u00f1os est\u00e1 expresamente prohibido. Al acceder o utilizar el Sitio o los Servicios, usted declara y garantiza que tiene 18 a\u00f1os de edad o m\u00e1s. Como condici\u00f3n para su uso del Servicio, usted acepta (a) proporcionar a PubliDesk informaci\u00f3n verdadera, precisa, actual y completa seg\u00fan lo solicitado en los formularios de registro de PubliDesk al registrarse o utilizar el Servicio y (b) actualizar y mantener la precisi\u00f3n. exactitud e integridad de dicha informaci\u00f3n.<\/p><p><b>Tu cuenta<\/b><br \/>Si utiliza el Sitio o los Servicios, usted es responsable de mantener la confidencialidad de su cuenta y contrase\u00f1a y de restringir el acceso a su computadora, y acepta la responsabilidad de todas las actividades que ocurran bajo su cuenta o contrase\u00f1a. No puede ceder ni transferir su cuenta a ninguna otra persona o entidad. Usted reconoce que PubliDesk no es responsable del acceso de terceros a su cuenta que resulte del robo o apropiaci\u00f3n indebida de su cuenta. PubliDesk y sus asociados se reservan el derecho de rechazar o cancelar el servicio, cancelar cuentas o eliminar o editar contenido a nuestro exclusivo criterio.<\/p><p><b>Enlaces a sitios de terceros\/servicios de terceros<\/b><br \/>El Sitio y los Servicios contienen enlaces a otros sitios web (\u201cSitios vinculados\u201d). Los Sitios vinculados no est\u00e1n bajo el control de PubliDesk y PubliDesk no asume ninguna responsabilidad por el contenido, las pol\u00edticas de privacidad o las pr\u00e1cticas de sitios de terceros, y usted accede y utiliza dichos sitios \u00fanicamente bajo su propio riesgo. PubliDesk proporciona estos v\u00ednculos s\u00f3lo para su conveniencia, y la inclusi\u00f3n de cualquier v\u00ednculo no implica aprobaci\u00f3n por parte de PubliDesk del sitio, ni asociaci\u00f3n con sus operadores. Al utilizar el Sitio o los Servicios, usted libera expresamente a PubliDesk de toda responsabilidad que surja de su uso de cualquier sitio web de terceros y de cualquier p\u00e9rdida o da\u00f1o de cualquier tipo en el que pueda incurrir en sus relaciones con cualquier tercero. Depende de usted tomar las precauciones adecuadas para garantizar que cualquier sitio web que visite est\u00e9 libre de elementos destructivos como gusanos o virus. Le recomendamos que est\u00e9 atento cuando abandone el Sitio y lea los t\u00e9rminos y condiciones de uso de cada uno de los sitios web que visite.<br \/><br \/>Ciertos servicios disponibles a trav\u00e9s del Sitio o los Servicios son proporcionados por sitios web y organizaciones de terceros. Al utilizar cualquier producto, servicio o funcionalidad que se origine en el Sitio, usted reconoce y acepta que PubliDesk pueda compartir dicha informaci\u00f3n y datos con cualquier tercero con quien PubliDesk tenga una relaci\u00f3n contractual para proporcionar el producto, servicio o funcionalidad solicitado en nombre de los usuarios y clientes del Sitio o Servicios.<\/p><p><b>Ning\u00fan uso\/propiedad intelectual ilegal o prohibida<\/b><br \/>Se le otorga una licencia no exclusiva, intransferible y revocable para acceder y utilizar el Sitio y los Servicios estrictamente de acuerdo con estos T\u00e9rminos de uso. Como condici\u00f3n para su uso del Sitio, usted garantiza a PubliDesk que no utilizar\u00e1 el Sitio para ning\u00fan prop\u00f3sito que sea ilegal o est\u00e9 prohibido por estos T\u00e9rminos.<\/p><p>Todo el contenido incluido como parte del Sitio y los Servicios, como texto, gr\u00e1ficos, logotipos, im\u00e1genes, as\u00ed como la compilaci\u00f3n de los mismos, y cualquier software utilizado en el Sitio o la Aplicaci\u00f3n, es propiedad de PubliDesk, sus proveedores o terceros. y protegido por marcas registradas, derechos de autor y otras leyes que protegen la propiedad intelectual y los derechos de propiedad. Usted acepta observar y cumplir con todas las marcas comerciales, derechos de autor y otros avisos de propiedad, leyendas u otras restricciones contenidas en cualquier contenido y no realizar\u00e1 ning\u00fan cambio al mismo, incluido, entre otros, el cambio de cualquier derecho de propiedad o aviso de atribuci\u00f3n en cualquier contenido. El acceso al Sitio y a los Servicios no autoriza a nadie a utilizar ninguno de los nombres, logotipos o marcas de PubliDesk, incluidos, entre otros, la marca comercial o el logotipo de PubliDesk, o cualquier otra propiedad intelectual de ninguna manera. El contenido del Sitio se puede utilizar \u00fanicamente como recurso de informaci\u00f3n y el contenido de PubliDesk no se puede revender. Utilizar\u00e1 contenido protegido \u00fanicamente para su uso personal y no comercial, y no har\u00e1 ning\u00fan otro uso del contenido sin el permiso expreso por escrito de PubliDesk y el propietario de los derechos de autor. Usted acepta que no adquiere ning\u00fan derecho de propiedad sobre ning\u00fan contenido protegido. Nuestro documento fue formulado con la ayuda del Generador de T\u00e9rminos de Servicio. No le otorgamos ninguna licencia, expresa o impl\u00edcita, sobre la propiedad intelectual de PubliDesk o nuestros licenciantes, excepto que lo autoricen expresamente estos T\u00e9rminos. Cualquier otro uso, incluida la reproducci\u00f3n, modificaci\u00f3n, distribuci\u00f3n, transmisi\u00f3n, republicaci\u00f3n, exhibici\u00f3n o ejecuci\u00f3n, del contenido del Sitio est\u00e1 estrictamente prohibido.<br \/><br \/>Adem\u00e1s, al utilizar el Sitio y los Servicios, no podr\u00e1:<\/p><ul><li>Modificar, publicar, transmitir, realizar ingenier\u00eda inversa, participar en la transferencia o venta, crear trabajos derivados o explotar de cualquier manera cualquier contenido, total o parcial, que se encuentre en el Sitio o la Aplicaci\u00f3n;<\/li><li>Utilizar rastreadores web, robots web, cortadores web, hormigas, indexadores autom\u00e1ticos, bots, gusanos y otros dispositivos similares en relaci\u00f3n con el Sitio; siempre que, sin embargo, los motores de b\u00fasqueda de Internet de prop\u00f3sito general y los archivos p\u00fablicos no comerciales que utilizan herramientas para recopilar informaci\u00f3n con el \u00fanico prop\u00f3sito de mostrar hiperv\u00ednculos al Sitio reciban una excepci\u00f3n limitada de la exclusi\u00f3n anterior, siempre que lo hagan desde un direcci\u00f3n IP estable o rango de direcciones IP utilizando un agente f\u00e1cilmente identificable;<\/li><li>Usar el Sitio de cualquier manera que pueda da\u00f1ar, deshabilitar, sobrecargar o perjudicar el Sitio o interferir con el uso y disfrute del Sitio o los Servicios por parte de terceros;<\/li><li>Obtener o intentar obtener cualquier material o informaci\u00f3n a trav\u00e9s de cualquier medio que no est\u00e9 disponible o proporcionado intencionalmente a trav\u00e9s del Sitio, incluido eludir o intentar eludir cualquier sistema de seguridad en el Sitio;<\/li><li>Usar cualquier dispositivo, software o rutina para interferir o intentar interferir con el funcionamiento adecuado del Sitio o cualquier transacci\u00f3n realizada en el Sitio;<\/li><li>Utilice el Sitio para cualquier prop\u00f3sito que sea ilegal o est\u00e9 prohibido por estos T\u00e9rminos.<\/li><\/ul><p>Adem\u00e1s, acepta no acceder ni utilizar el Sitio para ning\u00fan prop\u00f3sito que sea competitivo con PubliDesk ni copiar, imitar o reflejar cualquier parte del dise\u00f1o o la funcionalidad del Sitio.<\/p><p><b>Descargo de responsabilidad<\/b><br \/>PubliDesk no se responsabiliza de la idoneidad, confiabilidad, disponibilidad, puntualidad o exactitud de la informaci\u00f3n, el software, los productos, los servicios y los gr\u00e1ficos relacionados contenidos en el Sitio para ning\u00fan prop\u00f3sito. Toda esta informaci\u00f3n, software, productos, servicios y gr\u00e1ficos relacionados se proporcionan &quot;tal cual&quot; sin garant\u00eda de ning\u00fan tipo. PubliDesk renuncia a todas las garant\u00edas y condiciones con respecto a esta informaci\u00f3n, software, productos, servicios y gr\u00e1ficos relacionados, incluidas todas las garant\u00edas o condiciones impl\u00edcitas de comerciabilidad, idoneidad para un prop\u00f3sito particular, t\u00edtulo y no infracci\u00f3n. <br \/><br \/>En ning\u00fan caso PubliDesk ser\u00e1 responsable de ning\u00fan da\u00f1o directo, indirecto, punitivo, incidental, especial, consecuente o de ning\u00fan tipo, incluidos, entre otros, da\u00f1os por p\u00e9rdida de uso, datos o ganancias, que surjan de o est\u00e9n relacionados de alguna manera con el uso o desempe\u00f1o del Sitio o los Servicios, el retraso o la imposibilidad de usar el Sitio o los Servicios relacionados, la prestaci\u00f3n o la falta de prestaci\u00f3n de servicios, o cualquier informaci\u00f3n, software, productos, servicios y gr\u00e1ficos relacionados obtenidos a trav\u00e9s del Sitio o los Servicios, o que surjan del uso del Sitio o los Servicios, ya sea por contrato, agravio, negligencia, responsabilidad estricta o de otro modo, incluso si PubliDesk o cualquiera de sus proveedores han sido advertidos de la posibilidad de da\u00f1os. Debido a que algunos estados\/jurisdicciones no permiten la exclusi\u00f3n o limitaci\u00f3n de responsabilidad por da\u00f1os consecuentes o incidentales, es posible que la limitaci\u00f3n anterior no se aplique a usted. Si no est\u00e1 satisfecho con alguna parte del Sitio o los Servicios, o con cualquiera de estos t\u00e9rminos de uso, su \u00fanico y exclusivo recurso es suspender el uso del Sitio o los Servicios.<\/p><p><b>Indemnidad<\/b><br \/>Usted acepta indemnizar, defender y eximir de responsabilidad a PubliDesk, sus directores, funcionarios, empleados, agentes y terceros, de y contra todas las p\u00e9rdidas, costos, responsabilidades y gastos (incluidos los honorarios razonables de abogados) relacionados con o que surjan de su uso o incapacidad para utilizar el Sitio o los Servicios, cualquier publicaci\u00f3n realizada por usted, su violaci\u00f3n de cualquier t\u00e9rmino de este Acuerdo o su violaci\u00f3n de cualquier derecho de un tercero, o su violaci\u00f3n de cualquier ley, norma o reglamento aplicable. PubliDesk se reserva el derecho, por su propia cuenta, de asumir la defensa y el control exclusivos de cualquier asunto sujeto a indemnizaci\u00f3n por su parte, en cuyo caso cooperar\u00e1 plenamente con PubliDesk para hacer valer cualquier defensa disponible.<\/p><p><b>Terminaci\u00f3n\/Acceso restringido<\/b><br \/>PubliDesk se reserva el derecho, a su entera discreci\u00f3n, de cancelar su acceso al Sitio y a los Servicios o a cualquier parte de ellos en cualquier momento, sin previo aviso. Puede cancelar su cuenta en cualquier momento siempre y cuando no tenga obligaciones pendientes con PubliDesk. Adem\u00e1s, su cuenta se cancelar\u00e1 autom\u00e1ticamente si viola cualquiera de las disposiciones de estos T\u00e9rminos. Tras la cancelaci\u00f3n de su cuenta, las siguientes disposiciones de estos T\u00e9rminos seguir\u00e1n vigentes: propiedad intelectual, indemnizaci\u00f3n, limitaci\u00f3n de responsabilidad y ley aplicable.<\/p><p><b>Legislaci\u00f3n Aplicable<\/b><br \/>Estos T\u00e9rminos de uso se regir\u00e1n e interpretar\u00e1n de acuerdo con las leyes de Brasil, sin dar efecto a ning\u00fan principio de conflicto de leyes. Usted acepta que cualquier acci\u00f3n legal o equitativa que surja de estos T\u00e9rminos de uso o se relacione con ellos se presentar\u00e1 \u00fanicamente en los tribunales ubicados en Brasil, y por la presente acepta y se somete a la jurisdicci\u00f3n personal de dichos tribunales con el fin de litigar dicha acci\u00f3n. .<\/p><p><b>Cambios a los t\u00e9rminos<\/b><br \/>PubliDesk puede, a su entera discreci\u00f3n, modificar o revisar estos T\u00e9rminos en cualquier momento, y usted acepta estar sujeto a dichas modificaciones o revisiones. Aunque PubliDesk puede intentar notificarle cuando se realicen cambios importantes en estos T\u00e9rminos, debe revisar la versi\u00f3n m\u00e1s reciente, ya que ser\u00e1 vinculante para usted. Su uso continuado de los Servicios despu\u00e9s de la publicaci\u00f3n de cualquier cambio en los T\u00e9rminos constituye su aceptaci\u00f3n de dichos cambios.<\/p><p><b>Disposiciones generales<\/b><br \/>Si alguna parte de estos T\u00e9rminos de uso se considera inv\u00e1lida o inaplicable, esa parte se interpretar\u00e1 de manera que refleja la intenci\u00f3n original de las partes y las partes restantes permanecer\u00e1n en pleno vigor y efecto. El hecho de que PubliDesk no ejerza o haga cumplir cualquier derecho o disposici\u00f3n de estos T\u00e9rminos no constituir\u00e1 una renuncia a dicho derecho o disposici\u00f3n. Cualquier renuncia a cualquier disposici\u00f3n de estos T\u00e9rminos ser\u00e1 efectiva solo si se realiza por escrito y est\u00e1 firmada por un representante autorizado de PubliDesk.<\/p><p><b>Ponte en contacto con nosotros<\/b><br \/>Si tiene preguntas o inquietudes sobre estos T\u00e9rminos de uso, cont\u00e1ctenos en: <a href=\"mailto:suporte@publidesk.com.br\">suporte@publidesk.com.br<\/a>.<\/p>\t\t\t\t\t\t\t\t<\/div>\n\t\t\t\t<\/div>\n\t\t\t\t\t<\/div>\n\t\t\t\t<\/div>\n\t\t\t\t<\/div>","protected":false},"excerpt":{"rendered":"<p>Termos de Uso Importante, Leia Atentamente Estes Termos de Uso Online.Bem-vindo ao master.publidesk.com.br. A PubliDesk (doravante denominada &#8220;PubliDesk&#8221;, &#8220;n\u00f3s&#8221;, &#8220;nos&#8221; ou &#8220;nosso&#8221;) fornece uma plataforma para cursos on-line (coletivamente, os &#8220;Servi\u00e7os&#8221;), cujos Servi\u00e7os podem ser acessados em master.publidesk.com.br e quaisquer outros sites por meio dos quais a PubliDesk disponibiliza os Servi\u00e7os (coletivamente, o &#8220;Site&#8221;). O [&hellip;]<\/p>\n","protected":false},"author":2,"featured_media":0,"parent":0,"menu_order":0,"comment_status":"closed","ping_status":"closed","template":"elementor_header_footer","meta":{"footnotes":""},"class_list":["post-2182","page","type-page","status-publish","hentry"],"yoast_head":"<!-- This site is optimized with the Yoast SEO plugin v27.4 - https:\/\/yoast.com\/product\/yoast-seo-wordpress\/ -->\n<title>Termos de uso | PubliDesk<\/title>\n<meta name=\"description\" content=\"Organize todos os contatos com seus clientes em um s\u00f3 lugar e potencialize suas conex\u00f5es de forma inteligente.\" \/>\n<meta name=\"robots\" content=\"index, follow, max-snippet:-1, max-image-preview:large, max-video-preview:-1\" \/>\n<link rel=\"canonical\" href=\"https:\/\/www.publidesk.com.br\/es\/termos-de-uso\/\" \/>\n<meta property=\"og:locale\" content=\"es_ES\" \/>\n<meta property=\"og:type\" content=\"article\" \/>\n<meta property=\"og:title\" content=\"Termos de uso | PubliDesk\" \/>\n<meta property=\"og:description\" content=\"Organize todos os contatos com seus clientes em um s\u00f3 lugar e potencialize suas conex\u00f5es de forma inteligente.\" \/>\n<meta property=\"og:url\" content=\"https:\/\/www.publidesk.com.br\/es\/termos-de-uso\/\" \/>\n<meta property=\"og:site_name\" content=\"PubliDesk\" \/>\n<meta property=\"article:publisher\" content=\"https:\/\/www.facebook.com\/publidesk.brfacebook.com\/publidesk.br\" \/>\n<meta property=\"article:modified_time\" content=\"2024-10-08T23:24:51+00:00\" \/>\n<meta property=\"og:image\" content=\"https:\/\/www.publidesk.com.br\/wp-content\/uploads\/2024\/11\/Design-sem-nome-72-1.png\" \/>\n\t<meta property=\"og:image:width\" content=\"1200\" \/>\n\t<meta property=\"og:image:height\" content=\"675\" \/>\n\t<meta property=\"og:image:type\" content=\"image\/png\" \/>\n<meta name=\"twitter:card\" content=\"summary_large_image\" \/>\n<meta name=\"twitter:label1\" content=\"Tiempo de lectura\" \/>\n\t<meta name=\"twitter:data1\" content=\"12 minutos\" \/>\n<script type=\"application\/ld+json\" class=\"yoast-schema-graph\">{\"@context\":\"https:\\\/\\\/schema.org\",\"@graph\":[{\"@type\":\"WebPage\",\"@id\":\"https:\\\/\\\/www.publidesk.com.br\\\/termos-de-uso\\\/\",\"url\":\"https:\\\/\\\/www.publidesk.com.br\\\/termos-de-uso\\\/\",\"name\":\"Termos de uso | PubliDesk\",\"isPartOf\":{\"@id\":\"https:\\\/\\\/www.publidesk.com.br\\\/#website\"},\"datePublished\":\"2024-08-28T18:09:56+00:00\",\"dateModified\":\"2024-10-08T23:24:51+00:00\",\"description\":\"Organize todos os contatos com seus clientes em um s\u00f3 lugar e potencialize suas conex\u00f5es de forma inteligente.\",\"breadcrumb\":{\"@id\":\"https:\\\/\\\/www.publidesk.com.br\\\/termos-de-uso\\\/#breadcrumb\"},\"inLanguage\":\"es\",\"potentialAction\":[{\"@type\":\"ReadAction\",\"target\":[\"https:\\\/\\\/www.publidesk.com.br\\\/termos-de-uso\\\/\"]}]},{\"@type\":\"BreadcrumbList\",\"@id\":\"https:\\\/\\\/www.publidesk.com.br\\\/termos-de-uso\\\/#breadcrumb\",\"itemListElement\":[{\"@type\":\"ListItem\",\"position\":1,\"name\":\"In\u00edcio\",\"item\":\"https:\\\/\\\/www.publidesk.com.br\\\/\"},{\"@type\":\"ListItem\",\"position\":2,\"name\":\"Termos de uso\"}]},{\"@type\":\"WebSite\",\"@id\":\"https:\\\/\\\/www.publidesk.com.br\\\/#website\",\"url\":\"https:\\\/\\\/www.publidesk.com.br\\\/\",\"name\":\"PubliDesk\",\"description\":\"Sistema de Atendimento\",\"publisher\":{\"@id\":\"https:\\\/\\\/www.publidesk.com.br\\\/#organization\"},\"potentialAction\":[{\"@type\":\"SearchAction\",\"target\":{\"@type\":\"EntryPoint\",\"urlTemplate\":\"https:\\\/\\\/www.publidesk.com.br\\\/?s={search_term_string}\"},\"query-input\":{\"@type\":\"PropertyValueSpecification\",\"valueRequired\":true,\"valueName\":\"search_term_string\"}}],\"inLanguage\":\"es\"},{\"@type\":\"Organization\",\"@id\":\"https:\\\/\\\/www.publidesk.com.br\\\/#organization\",\"name\":\"PubliDesk\",\"url\":\"https:\\\/\\\/www.publidesk.com.br\\\/\",\"logo\":{\"@type\":\"ImageObject\",\"inLanguage\":\"es\",\"@id\":\"https:\\\/\\\/www.publidesk.com.br\\\/#\\\/schema\\\/logo\\\/image\\\/\",\"url\":\"https:\\\/\\\/www.publidesk.com.br\\\/wp-content\\\/uploads\\\/2024\\\/01\\\/cropped-favicon-publidesk-1.webp\",\"contentUrl\":\"https:\\\/\\\/www.publidesk.com.br\\\/wp-content\\\/uploads\\\/2024\\\/01\\\/cropped-favicon-publidesk-1.webp\",\"width\":512,\"height\":512,\"caption\":\"PubliDesk\"},\"image\":{\"@id\":\"https:\\\/\\\/www.publidesk.com.br\\\/#\\\/schema\\\/logo\\\/image\\\/\"},\"sameAs\":[\"https:\\\/\\\/www.facebook.com\\\/publidesk.brfacebook.com\\\/publidesk.br\",\"https:\\\/\\\/www.instagram.com\\\/publi.desk\",\"https:\\\/\\\/www.linkedin.com\\\/company\\\/publi-desk\"]}]}<\/script>\n<!-- \/ Yoast SEO plugin. -->","yoast_head_json":{"title":"Termos de uso | PubliDesk","description":"Organiza todos los contactos con tus clientes en un solo lugar y mejora inteligentemente tus conexiones.","robots":{"index":"index","follow":"follow","max-snippet":"max-snippet:-1","max-image-preview":"max-image-preview:large","max-video-preview":"max-video-preview:-1"},"canonical":"https:\/\/www.publidesk.com.br\/es\/termos-de-uso\/","og_locale":"es_ES","og_type":"article","og_title":"Termos de uso | PubliDesk","og_description":"Organize todos os contatos com seus clientes em um s\u00f3 lugar e potencialize suas conex\u00f5es de forma inteligente.","og_url":"https:\/\/www.publidesk.com.br\/es\/termos-de-uso\/","og_site_name":"PubliDesk","article_publisher":"https:\/\/www.facebook.com\/publidesk.brfacebook.com\/publidesk.br","article_modified_time":"2024-10-08T23:24:51+00:00","og_image":[{"width":1200,"height":675,"url":"https:\/\/www.publidesk.com.br\/wp-content\/uploads\/2024\/11\/Design-sem-nome-72-1.png","type":"image\/png"}],"twitter_card":"summary_large_image","twitter_misc":{"Tiempo de lectura":"12 minutos"},"schema":{"@context":"https:\/\/schema.org","@graph":[{"@type":"WebPage","@id":"https:\/\/www.publidesk.com.br\/termos-de-uso\/","url":"https:\/\/www.publidesk.com.br\/termos-de-uso\/","name":"Termos de uso | PubliDesk","isPartOf":{"@id":"https:\/\/www.publidesk.com.br\/#website"},"datePublished":"2024-08-28T18:09:56+00:00","dateModified":"2024-10-08T23:24:51+00:00","description":"Organiza todos los contactos con tus clientes en un solo lugar y mejora inteligentemente tus conexiones.","breadcrumb":{"@id":"https:\/\/www.publidesk.com.br\/termos-de-uso\/#breadcrumb"},"inLanguage":"es","potentialAction":[{"@type":"ReadAction","target":["https:\/\/www.publidesk.com.br\/termos-de-uso\/"]}]},{"@type":"BreadcrumbList","@id":"https:\/\/www.publidesk.com.br\/termos-de-uso\/#breadcrumb","itemListElement":[{"@type":"ListItem","position":1,"name":"In\u00edcio","item":"https:\/\/www.publidesk.com.br\/"},{"@type":"ListItem","position":2,"name":"Termos de uso"}]},{"@type":"WebSite","@id":"https:\/\/www.publidesk.com.br\/#website","url":"https:\/\/www.publidesk.com.br\/","name":"PubliDesk","description":"Sistema de Atendimento","publisher":{"@id":"https:\/\/www.publidesk.com.br\/#organization"},"potentialAction":[{"@type":"SearchAction","target":{"@type":"EntryPoint","urlTemplate":"https:\/\/www.publidesk.com.br\/?s={search_term_string}"},"query-input":{"@type":"PropertyValueSpecification","valueRequired":true,"valueName":"search_term_string"}}],"inLanguage":"es"},{"@type":"Organization","@id":"https:\/\/www.publidesk.com.br\/#organization","name":"PubliDesk","url":"https:\/\/www.publidesk.com.br\/","logo":{"@type":"ImageObject","inLanguage":"es","@id":"https:\/\/www.publidesk.com.br\/#\/schema\/logo\/image\/","url":"https:\/\/www.publidesk.com.br\/wp-content\/uploads\/2024\/01\/cropped-favicon-publidesk-1.webp","contentUrl":"https:\/\/www.publidesk.com.br\/wp-content\/uploads\/2024\/01\/cropped-favicon-publidesk-1.webp","width":512,"height":512,"caption":"PubliDesk"},"image":{"@id":"https:\/\/www.publidesk.com.br\/#\/schema\/logo\/image\/"},"sameAs":["https:\/\/www.facebook.com\/publidesk.brfacebook.com\/publidesk.br","https:\/\/www.instagram.com\/publi.desk","https:\/\/www.linkedin.com\/company\/publi-desk"]}]}},"_links":{"self":[{"href":"https:\/\/www.publidesk.com.br\/es\/wp-json\/wp\/v2\/pages\/2182","targetHints":{"allow":["GET"]}}],"collection":[{"href":"https:\/\/www.publidesk.com.br\/es\/wp-json\/wp\/v2\/pages"}],"about":[{"href":"https:\/\/www.publidesk.com.br\/es\/wp-json\/wp\/v2\/types\/page"}],"author":[{"embeddable":true,"href":"https:\/\/www.publidesk.com.br\/es\/wp-json\/wp\/v2\/users\/2"}],"replies":[{"embeddable":true,"href":"https:\/\/www.publidesk.com.br\/es\/wp-json\/wp\/v2\/comments?post=2182"}],"version-history":[{"count":0,"href":"https:\/\/www.publidesk.com.br\/es\/wp-json\/wp\/v2\/pages\/2182\/revisions"}],"wp:attachment":[{"href":"https:\/\/www.publidesk.com.br\/es\/wp-json\/wp\/v2\/media?parent=2182"}],"curies":[{"name":"wp","href":"https:\/\/api.w.org\/{rel}","templated":true}]}}